{"id":628,"date":"2023-10-04T18:00:22","date_gmt":"2023-10-04T21:00:22","guid":{"rendered":"https:\/\/staroffices.com.br\/?page_id=628"},"modified":"2025-12-18T14:21:33","modified_gmt":"2025-12-18T17:21:33","slug":"ambientes","status":"publish","type":"page","link":"https:\/\/staroffices.com.br\/index.php\/ambientes\/","title":{"rendered":"Ambientes"},"content":{"rendered":"\n<h3 class=\"wp-block-heading\">Aqui na Star Offices Coworking contamos com ambientes totalmente equipados com: <\/h3>\n\n\n\n<ul class=\"wp-block-list\">\n<li>Ar condicionado <strong>individual<\/strong> por sala<\/li>\n\n\n\n<li>Paredes e tetos com <strong>isolamento ac\u00fastico<\/strong><\/li>\n\n\n\n<li>Internet de qualidade com redund\u00e2ncia, s\u00e3o <strong>3 links<\/strong> (Vivo, Claro e CSE)<\/li>\n\n\n\n<li>Os nossos links de internet possuem <strong>ultra-velocidade<\/strong> de at\u00e9 <strong>1Gbps<\/strong> (Wifi 6)<\/li>\n\n\n\n<li>Portaria com <strong>Acesso biom\u00e9trico<\/strong> (para mensalistas de salas privativas)<\/li>\n\n\n\n<li>Salas de reuni\u00f5es equipadas com Smart TV e Flip Chart<\/li>\n\n\n\n<li>Sala de treinamento ampla e equipada com projetor, al\u00e9m de mesas onde todos podem ligar seus laptops<\/li>\n\n\n\n<li>Oferecemos servi\u00e7os de <strong>endere\u00e7o comercial<\/strong> e <strong>endere\u00e7o fiscal<\/strong><\/li>\n\n\n\n<li><strong>Secret\u00e1ria<\/strong> e <strong>recepcionista<\/strong> \u00e0 disposi\u00e7\u00e3o<\/li>\n<\/ul>\n\n\n\n<p>S\u00e3o <strong>200m\u00b2<\/strong> de \u00e1rea privativa, totalizando 2 salas de reuni\u00f5es, 1 sala de treinamento, 6 salas privativas, recep\u00e7\u00e3o e copa.<\/p>\n\n\n\n<figure class=\"wp-block-gallery has-nested-images columns-default is-cropped wp-block-gallery-1 is-layout-flex wp-block-gallery-is-layout-flex\">\n<figure class=\"wp-block-image size-large\"><img loading=\"lazy\" decoding=\"async\" width=\"1024\" height=\"747\" data-id=\"746\" src=\"https:\/\/staroffices.com.br\/wp-content\/uploads\/2025\/12\/Reuniao-Grande-1024x747.png\" alt=\"\" class=\"wp-image-746\" srcset=\"https:\/\/staroffices.com.br\/wp-content\/uploads\/2025\/12\/Reuniao-Grande-1024x747.png 1024w, https:\/\/staroffices.com.br\/wp-content\/uploads\/2025\/12\/Reuniao-Grande-300x219.png 300w, https:\/\/staroffices.com.br\/wp-content\/uploads\/2025\/12\/Reuniao-Grande-768x560.png 768w, https:\/\/staroffices.com.br\/wp-content\/uploads\/2025\/12\/Reuniao-Grande.png 1179w\" sizes=\"auto, (max-width: 1024px) 100vw, 1024px\" \/><\/figure>\n\n\n\n<figure class=\"wp-block-image size-large\"><img loading=\"lazy\" decoding=\"async\" width=\"1024\" height=\"747\" data-id=\"748\" src=\"https:\/\/staroffices.com.br\/wp-content\/uploads\/2025\/12\/Reuniao-Pequena-1024x747.png\" alt=\"\" class=\"wp-image-748\" srcset=\"https:\/\/staroffices.com.br\/wp-content\/uploads\/2025\/12\/Reuniao-Pequena-1024x747.png 1024w, https:\/\/staroffices.com.br\/wp-content\/uploads\/2025\/12\/Reuniao-Pequena-300x219.png 300w, https:\/\/staroffices.com.br\/wp-content\/uploads\/2025\/12\/Reuniao-Pequena-768x560.png 768w, https:\/\/staroffices.com.br\/wp-content\/uploads\/2025\/12\/Reuniao-Pequena.png 1184w\" sizes=\"auto, (max-width: 1024px) 100vw, 1024px\" \/><\/figure>\n\n\n\n<figure class=\"wp-block-image size-large\"><img loading=\"lazy\" decoding=\"async\" width=\"1024\" height=\"747\" data-id=\"749\" src=\"https:\/\/staroffices.com.br\/wp-content\/uploads\/2025\/12\/Privativa-5P-1024x747.png\" alt=\"\" class=\"wp-image-749\" srcset=\"https:\/\/staroffices.com.br\/wp-content\/uploads\/2025\/12\/Privativa-5P-1024x747.png 1024w, https:\/\/staroffices.com.br\/wp-content\/uploads\/2025\/12\/Privativa-5P-300x219.png 300w, https:\/\/staroffices.com.br\/wp-content\/uploads\/2025\/12\/Privativa-5P-768x560.png 768w, https:\/\/staroffices.com.br\/wp-content\/uploads\/2025\/12\/Privativa-5P.png 1184w\" sizes=\"auto, (max-width: 1024px) 100vw, 1024px\" \/><\/figure>\n\n\n\n<figure class=\"wp-block-image size-large\"><img loading=\"lazy\" decoding=\"async\" width=\"768\" height=\"1024\" data-id=\"633\" src=\"https:\/\/staroffices.com.br\/wp-content\/uploads\/2023\/10\/Atendimento-01-768x1024.jpeg\" alt=\"\" class=\"wp-image-633\" srcset=\"https:\/\/staroffices.com.br\/wp-content\/uploads\/2023\/10\/Atendimento-01-768x1024.jpeg 768w, https:\/\/staroffices.com.br\/wp-content\/uploads\/2023\/10\/Atendimento-01-225x300.jpeg 225w, https:\/\/staroffices.com.br\/wp-content\/uploads\/2023\/10\/Atendimento-01-1152x1536.jpeg 1152w, https:\/\/staroffices.com.br\/wp-content\/uploads\/2023\/10\/Atendimento-01-1536x2048.jpeg 1536w, https:\/\/staroffices.com.br\/wp-content\/uploads\/2023\/10\/Atendimento-01-scaled.jpeg 1920w\" sizes=\"auto, (max-width: 768px) 100vw, 768px\" \/><\/figure>\n\n\n\n<figure class=\"wp-block-image size-large\"><img loading=\"lazy\" decoding=\"async\" width=\"768\" height=\"1024\" data-id=\"634\" src=\"https:\/\/staroffices.com.br\/wp-content\/uploads\/2023\/10\/Recepcao-768x1024.jpeg\" alt=\"\" class=\"wp-image-634\" srcset=\"https:\/\/staroffices.com.br\/wp-content\/uploads\/2023\/10\/Recepcao-768x1024.jpeg 768w, https:\/\/staroffices.com.br\/wp-content\/uploads\/2023\/10\/Recepcao-225x300.jpeg 225w, https:\/\/staroffices.com.br\/wp-content\/uploads\/2023\/10\/Recepcao-1152x1536.jpeg 1152w, https:\/\/staroffices.com.br\/wp-content\/uploads\/2023\/10\/Recepcao-1536x2048.jpeg 1536w, https:\/\/staroffices.com.br\/wp-content\/uploads\/2023\/10\/Recepcao-scaled.jpeg 1920w\" sizes=\"auto, (max-width: 768px) 100vw, 768px\" \/><\/figure>\n\n\n\n<figure class=\"wp-block-image size-large\"><img loading=\"lazy\" decoding=\"async\" width=\"768\" height=\"1024\" data-id=\"635\" src=\"https:\/\/staroffices.com.br\/wp-content\/uploads\/2023\/10\/Estetica-01-768x1024.jpeg\" alt=\"\" class=\"wp-image-635\" srcset=\"https:\/\/staroffices.com.br\/wp-content\/uploads\/2023\/10\/Estetica-01-768x1024.jpeg 768w, https:\/\/staroffices.com.br\/wp-content\/uploads\/2023\/10\/Estetica-01-225x300.jpeg 225w, https:\/\/staroffices.com.br\/wp-content\/uploads\/2023\/10\/Estetica-01-1152x1536.jpeg 1152w, https:\/\/staroffices.com.br\/wp-content\/uploads\/2023\/10\/Estetica-01-1536x2048.jpeg 1536w, https:\/\/staroffices.com.br\/wp-content\/uploads\/2023\/10\/Estetica-01-scaled.jpeg 1920w\" sizes=\"auto, (max-width: 768px) 100vw, 768px\" \/><\/figure>\n\n\n\n<figure class=\"wp-block-image size-large\"><img loading=\"lazy\" decoding=\"async\" width=\"1024\" height=\"747\" data-id=\"750\" src=\"https:\/\/staroffices.com.br\/wp-content\/uploads\/2025\/12\/Treinamento-1024x747.png\" alt=\"\" class=\"wp-image-750\" srcset=\"https:\/\/staroffices.com.br\/wp-content\/uploads\/2025\/12\/Treinamento-1024x747.png 1024w, https:\/\/staroffices.com.br\/wp-content\/uploads\/2025\/12\/Treinamento-300x219.png 300w, https:\/\/staroffices.com.br\/wp-content\/uploads\/2025\/12\/Treinamento-768x560.png 768w, https:\/\/staroffices.com.br\/wp-content\/uploads\/2025\/12\/Treinamento.png 1184w\" sizes=\"auto, (max-width: 1024px) 100vw, 1024px\" \/><\/figure>\n<\/figure>\n\n\n\n<div style=\"height:44px\" aria-hidden=\"true\" class=\"wp-block-spacer\"><\/div>\n\n\n\n<p>Temos salas dedicadas para atendimento individual, ideal para advogados, m\u00e9dicos, psic\u00f3logos, nutricionistas, e tamb\u00e9m temos salas dedicadas aos profissionais da sa\u00fade que realizam procedimentos humanizados, como est\u00e9tica, massoterapia, depila\u00e7\u00e3o, designer de sombrancelhas, entre outros.<\/p>\n\n\n\n<p>S\u00e3o 12 ambientes no total, sendo 9 salas privativas dispon\u00edveis para loca\u00e7\u00e3o.<\/p>\n\n\n\n<p>Para os advogados ligados a <strong>OAB<\/strong>, possu\u00edmos um conv\u00eanio onde concedemos descontos especiais.<\/p>\n\n\n\n<p>Para voc\u00ea que quer passar um dia inteiro aqui conosco, alugando uma posi\u00e7\u00e3o de trabalho em espa\u00e7o compartilhado, temos planos a partir de <strong>50,00 R$<\/strong> a di\u00e1ria avulsa ou, <strong>800,00 R$<\/strong> por m\u00eas. Tamb\u00e9m existe a possibilidade de montar um pacote personalizado para melhor atender suas necessidades.<\/p>\n\n\n\n<p>Nossos hor\u00e1rios s\u00e3o flex\u00edveis, de segunda \u00e0 sexta-feira das 9:00 \u00e0s 19:00h, e aos s\u00e1bados das 10:00 \u00e0s 14:00h mediante agendamento pr\u00e9vio.<\/p>\n\n\n\n<h3 class=\"wp-block-heading\">Venha nos visitar!<\/h3>\n\n\n\n<p><\/p>\n","protected":false},"excerpt":{"rendered":"<p>Aqui na Star Offices Coworking contamos com ambientes totalmente equipados com: S\u00e3o 200m\u00b2 de \u00e1rea privativa, totalizando 2 salas de reuni\u00f5es, 1 sala de treinamento, 6 salas privativas, recep\u00e7\u00e3o e copa. Temos salas dedicadas para atendimento individual, ideal para advogados, m\u00e9dicos, psic\u00f3logos, nutricionistas, e tamb\u00e9m temos salas dedicadas aos profissionais da sa\u00fade que realizam procedimentos&hellip;&nbsp;<a href=\"https:\/\/staroffices.com.br\/index.php\/ambientes\/\" rel=\"bookmark\">Continue a ler &raquo;<span class=\"screen-reader-text\">Ambientes<\/span><\/a><\/p>\n","protected":false},"author":1,"featured_media":0,"parent":0,"menu_order":0,"comment_status":"closed","ping_status":"closed","template":"","meta":{"neve_meta_sidebar":"","neve_meta_container":"","neve_meta_enable_content_width":"","neve_meta_content_width":0,"neve_meta_title_alignment":"","neve_meta_author_avatar":"","neve_post_elements_order":"","neve_meta_disable_header":"","neve_meta_disable_footer":"","neve_meta_disable_title":"","_themeisle_gutenberg_block_has_review":false,"footnotes":""},"class_list":["post-628","page","type-page","status-publish","hentry"],"yoast_head":"<!-- This site is optimized with the Yoast SEO plugin v27.4 - https:\/\/yoast.com\/product\/yoast-seo-wordpress\/ -->\n<title>Ambientes -<\/title>\n<meta name=\"robots\" content=\"index, follow, max-snippet:-1, max-image-preview:large, max-video-preview:-1\" \/>\n<link rel=\"canonical\" href=\"https:\/\/staroffices.com.br\/index.php\/ambientes\/\" \/>\n<meta property=\"og:locale\" content=\"pt_BR\" \/>\n<meta property=\"og:type\" content=\"article\" \/>\n<meta property=\"og:title\" content=\"Ambientes -\" \/>\n<meta property=\"og:description\" content=\"Aqui na Star Offices Coworking contamos com ambientes totalmente equipados com: S\u00e3o 200m\u00b2 de \u00e1rea privativa, totalizando 2 salas de reuni\u00f5es, 1 sala de treinamento, 6 salas privativas, recep\u00e7\u00e3o e copa. Temos salas dedicadas para atendimento individual, ideal para advogados, m\u00e9dicos, psic\u00f3logos, nutricionistas, e tamb\u00e9m temos salas dedicadas aos profissionais da sa\u00fade que realizam procedimentos&hellip;&nbsp;Continue a ler &raquo;Ambientes\" \/>\n<meta property=\"og:url\" content=\"https:\/\/staroffices.com.br\/index.php\/ambientes\/\" \/>\n<meta property=\"article:publisher\" content=\"https:\/\/www.facebook.com\/starofficescwk\/\" \/>\n<meta property=\"article:modified_time\" content=\"2025-12-18T17:21:33+00:00\" \/>\n<meta property=\"og:image\" content=\"https:\/\/staroffices.com.br\/wp-content\/uploads\/2025\/12\/Reuniao-Grande.png\" \/>\n\t<meta property=\"og:image:width\" content=\"1179\" \/>\n\t<meta property=\"og:image:height\" content=\"860\" \/>\n\t<meta property=\"og:image:type\" content=\"image\/png\" \/>\n<meta name=\"twitter:card\" content=\"summary_large_image\" \/>\n<meta name=\"twitter:label1\" content=\"Est. tempo de leitura\" \/>\n\t<meta name=\"twitter:data1\" content=\"3 minutos\" \/>\n<script type=\"application\/ld+json\" class=\"yoast-schema-graph\">{\"@context\":\"https:\\\/\\\/schema.org\",\"@graph\":[{\"@type\":\"WebPage\",\"@id\":\"https:\\\/\\\/staroffices.com.br\\\/index.php\\\/ambientes\\\/\",\"url\":\"https:\\\/\\\/staroffices.com.br\\\/index.php\\\/ambientes\\\/\",\"name\":\"Ambientes -\",\"isPartOf\":{\"@id\":\"https:\\\/\\\/staroffices.com.br\\\/#website\"},\"primaryImageOfPage\":{\"@id\":\"https:\\\/\\\/staroffices.com.br\\\/index.php\\\/ambientes\\\/#primaryimage\"},\"image\":{\"@id\":\"https:\\\/\\\/staroffices.com.br\\\/index.php\\\/ambientes\\\/#primaryimage\"},\"thumbnailUrl\":\"https:\\\/\\\/staroffices.com.br\\\/wp-content\\\/uploads\\\/2025\\\/12\\\/Reuniao-Grande-1024x747.png\",\"datePublished\":\"2023-10-04T21:00:22+00:00\",\"dateModified\":\"2025-12-18T17:21:33+00:00\",\"breadcrumb\":{\"@id\":\"https:\\\/\\\/staroffices.com.br\\\/index.php\\\/ambientes\\\/#breadcrumb\"},\"inLanguage\":\"pt-BR\",\"potentialAction\":[{\"@type\":\"ReadAction\",\"target\":[\"https:\\\/\\\/staroffices.com.br\\\/index.php\\\/ambientes\\\/\"]}]},{\"@type\":\"ImageObject\",\"inLanguage\":\"pt-BR\",\"@id\":\"https:\\\/\\\/staroffices.com.br\\\/index.php\\\/ambientes\\\/#primaryimage\",\"url\":\"https:\\\/\\\/staroffices.com.br\\\/wp-content\\\/uploads\\\/2025\\\/12\\\/Reuniao-Grande.png\",\"contentUrl\":\"https:\\\/\\\/staroffices.com.br\\\/wp-content\\\/uploads\\\/2025\\\/12\\\/Reuniao-Grande.png\",\"width\":1179,\"height\":860},{\"@type\":\"BreadcrumbList\",\"@id\":\"https:\\\/\\\/staroffices.com.br\\\/index.php\\\/ambientes\\\/#breadcrumb\",\"itemListElement\":[{\"@type\":\"ListItem\",\"position\":1,\"name\":\"In\u00edcio\",\"item\":\"https:\\\/\\\/staroffices.com.br\\\/\"},{\"@type\":\"ListItem\",\"position\":2,\"name\":\"Ambientes\"}]},{\"@type\":\"WebSite\",\"@id\":\"https:\\\/\\\/staroffices.com.br\\\/#website\",\"url\":\"https:\\\/\\\/staroffices.com.br\\\/\",\"name\":\"Star Offices Coworking\",\"description\":\"\",\"publisher\":{\"@id\":\"https:\\\/\\\/staroffices.com.br\\\/#organization\"},\"potentialAction\":[{\"@type\":\"SearchAction\",\"target\":{\"@type\":\"EntryPoint\",\"urlTemplate\":\"https:\\\/\\\/staroffices.com.br\\\/?s={search_term_string}\"},\"query-input\":{\"@type\":\"PropertyValueSpecification\",\"valueRequired\":true,\"valueName\":\"search_term_string\"}}],\"inLanguage\":\"pt-BR\"},{\"@type\":\"Organization\",\"@id\":\"https:\\\/\\\/staroffices.com.br\\\/#organization\",\"name\":\"Star Offices Coworking\",\"url\":\"https:\\\/\\\/staroffices.com.br\\\/\",\"logo\":{\"@type\":\"ImageObject\",\"inLanguage\":\"pt-BR\",\"@id\":\"https:\\\/\\\/staroffices.com.br\\\/#\\\/schema\\\/logo\\\/image\\\/\",\"url\":\"https:\\\/\\\/staroffices.com.br\\\/wp-content\\\/uploads\\\/2022\\\/06\\\/star-office-finalizado-fundo-transparente.png\",\"contentUrl\":\"https:\\\/\\\/staroffices.com.br\\\/wp-content\\\/uploads\\\/2022\\\/06\\\/star-office-finalizado-fundo-transparente.png\",\"width\":2160,\"height\":2160,\"caption\":\"Star Offices Coworking\"},\"image\":{\"@id\":\"https:\\\/\\\/staroffices.com.br\\\/#\\\/schema\\\/logo\\\/image\\\/\"},\"sameAs\":[\"https:\\\/\\\/www.facebook.com\\\/starofficescwk\\\/\"]}]}<\/script>\n<!-- \/ Yoast SEO plugin. -->","yoast_head_json":{"title":"Ambientes -","robots":{"index":"index","follow":"follow","max-snippet":"max-snippet:-1","max-image-preview":"max-image-preview:large","max-video-preview":"max-video-preview:-1"},"canonical":"https:\/\/staroffices.com.br\/index.php\/ambientes\/","og_locale":"pt_BR","og_type":"article","og_title":"Ambientes -","og_description":"Aqui na Star Offices Coworking contamos com ambientes totalmente equipados com: S\u00e3o 200m\u00b2 de \u00e1rea privativa, totalizando 2 salas de reuni\u00f5es, 1 sala de treinamento, 6 salas privativas, recep\u00e7\u00e3o e copa. Temos salas dedicadas para atendimento individual, ideal para advogados, m\u00e9dicos, psic\u00f3logos, nutricionistas, e tamb\u00e9m temos salas dedicadas aos profissionais da sa\u00fade que realizam procedimentos&hellip;&nbsp;Continue a ler &raquo;Ambientes","og_url":"https:\/\/staroffices.com.br\/index.php\/ambientes\/","article_publisher":"https:\/\/www.facebook.com\/starofficescwk\/","article_modified_time":"2025-12-18T17:21:33+00:00","og_image":[{"width":1179,"height":860,"url":"https:\/\/staroffices.com.br\/wp-content\/uploads\/2025\/12\/Reuniao-Grande.png","type":"image\/png"}],"twitter_card":"summary_large_image","twitter_misc":{"Est. tempo de leitura":"3 minutos"},"schema":{"@context":"https:\/\/schema.org","@graph":[{"@type":"WebPage","@id":"https:\/\/staroffices.com.br\/index.php\/ambientes\/","url":"https:\/\/staroffices.com.br\/index.php\/ambientes\/","name":"Ambientes -","isPartOf":{"@id":"https:\/\/staroffices.com.br\/#website"},"primaryImageOfPage":{"@id":"https:\/\/staroffices.com.br\/index.php\/ambientes\/#primaryimage"},"image":{"@id":"https:\/\/staroffices.com.br\/index.php\/ambientes\/#primaryimage"},"thumbnailUrl":"https:\/\/staroffices.com.br\/wp-content\/uploads\/2025\/12\/Reuniao-Grande-1024x747.png","datePublished":"2023-10-04T21:00:22+00:00","dateModified":"2025-12-18T17:21:33+00:00","breadcrumb":{"@id":"https:\/\/staroffices.com.br\/index.php\/ambientes\/#breadcrumb"},"inLanguage":"pt-BR","potentialAction":[{"@type":"ReadAction","target":["https:\/\/staroffices.com.br\/index.php\/ambientes\/"]}]},{"@type":"ImageObject","inLanguage":"pt-BR","@id":"https:\/\/staroffices.com.br\/index.php\/ambientes\/#primaryimage","url":"https:\/\/staroffices.com.br\/wp-content\/uploads\/2025\/12\/Reuniao-Grande.png","contentUrl":"https:\/\/staroffices.com.br\/wp-content\/uploads\/2025\/12\/Reuniao-Grande.png","width":1179,"height":860},{"@type":"BreadcrumbList","@id":"https:\/\/staroffices.com.br\/index.php\/ambientes\/#breadcrumb","itemListElement":[{"@type":"ListItem","position":1,"name":"In\u00edcio","item":"https:\/\/staroffices.com.br\/"},{"@type":"ListItem","position":2,"name":"Ambientes"}]},{"@type":"WebSite","@id":"https:\/\/staroffices.com.br\/#website","url":"https:\/\/staroffices.com.br\/","name":"Star Offices Coworking","description":"","publisher":{"@id":"https:\/\/staroffices.com.br\/#organization"},"potentialAction":[{"@type":"SearchAction","target":{"@type":"EntryPoint","urlTemplate":"https:\/\/staroffices.com.br\/?s={search_term_string}"},"query-input":{"@type":"PropertyValueSpecification","valueRequired":true,"valueName":"search_term_string"}}],"inLanguage":"pt-BR"},{"@type":"Organization","@id":"https:\/\/staroffices.com.br\/#organization","name":"Star Offices Coworking","url":"https:\/\/staroffices.com.br\/","logo":{"@type":"ImageObject","inLanguage":"pt-BR","@id":"https:\/\/staroffices.com.br\/#\/schema\/logo\/image\/","url":"https:\/\/staroffices.com.br\/wp-content\/uploads\/2022\/06\/star-office-finalizado-fundo-transparente.png","contentUrl":"https:\/\/staroffices.com.br\/wp-content\/uploads\/2022\/06\/star-office-finalizado-fundo-transparente.png","width":2160,"height":2160,"caption":"Star Offices Coworking"},"image":{"@id":"https:\/\/staroffices.com.br\/#\/schema\/logo\/image\/"},"sameAs":["https:\/\/www.facebook.com\/starofficescwk\/"]}]}},"_links":{"self":[{"href":"https:\/\/staroffices.com.br\/index.php\/wp-json\/wp\/v2\/pages\/628","targetHints":{"allow":["GET"]}}],"collection":[{"href":"https:\/\/staroffices.com.br\/index.php\/wp-json\/wp\/v2\/pages"}],"about":[{"href":"https:\/\/staroffices.com.br\/index.php\/wp-json\/wp\/v2\/types\/page"}],"author":[{"embeddable":true,"href":"https:\/\/staroffices.com.br\/index.php\/wp-json\/wp\/v2\/users\/1"}],"replies":[{"embeddable":true,"href":"https:\/\/staroffices.com.br\/index.php\/wp-json\/wp\/v2\/comments?post=628"}],"version-history":[{"count":23,"href":"https:\/\/staroffices.com.br\/index.php\/wp-json\/wp\/v2\/pages\/628\/revisions"}],"predecessor-version":[{"id":751,"href":"https:\/\/staroffices.com.br\/index.php\/wp-json\/wp\/v2\/pages\/628\/revisions\/751"}],"wp:attachment":[{"href":"https:\/\/staroffices.com.br\/index.php\/wp-json\/wp\/v2\/media?parent=628"}],"curies":[{"name":"wp","href":"https:\/\/api.w.org\/{rel}","templated":true}]}}