{"id":594,"date":"2023-02-14T19:36:46","date_gmt":"2023-02-14T22:36:46","guid":{"rendered":"https:\/\/staroffices.com.br\/?page_id=594"},"modified":"2023-02-14T19:49:20","modified_gmt":"2023-02-14T22:49:20","slug":"agradecemos-a-sua-inscricao","status":"publish","type":"page","link":"https:\/\/staroffices.com.br\/index.php\/agradecemos-a-sua-inscricao\/","title":{"rendered":"AGRADECEMOS A SUA INSCRI\u00c7\u00c3O"},"content":{"rendered":"\n<h2 class=\"wp-block-heading\">MEUS PARAB\u00c9NS! <\/h2>\n\n\n\n<h2 class=\"wp-block-heading\">VOC\u00ca DEU UM GRANDE PASSO NA SUA JORNADA DE AUTO CONHECIMENTO!<\/h2>\n\n\n\n<figure class=\"wp-block-embed is-type-video is-provider-youtube wp-block-embed-youtube wp-embed-aspect-16-9 wp-has-aspect-ratio\"><div class=\"wp-block-embed__wrapper\">\n<div class=\"nv-iframe-embed\"><iframe loading=\"lazy\" title=\"P\u00e1gina de Obrigado\" width=\"1200\" height=\"675\" src=\"https:\/\/www.youtube.com\/embed\/WasjvujZ7MU?feature=oembed\" frameborder=\"0\" allow=\"accelerometer; autoplay; clipboard-write; encrypted-media; gyroscope; picture-in-picture; web-share\" allowfullscreen><\/iframe><\/div>\n<\/div><\/figure>\n\n\n\n<div style=\"height:44px\" aria-hidden=\"true\" class=\"wp-block-spacer\"><\/div>\n\n\n\n<h2 class=\"wp-block-heading\">Em breve voc\u00ea receber\u00e1 a confirma\u00e7\u00e3o da sua inscri\u00e7\u00e3o atrav\u00e9s do seu e-mail ou WhatsApp!<\/h2>\n\n\n\n<h3 class=\"wp-block-heading\">\u00c9 muito importante tamb\u00e9m que voc\u00ea entre no meu grupo de WhatsApp para receber informa\u00e7\u00f5es em primeira m\u00e3o sobre o nosso evento!<\/h3>\n\n\n\n<h3 class=\"wp-block-heading\">Aguardo voc\u00eas no grupo:<\/h3>\n\n\n\n<div class=\"wp-block-buttons is-layout-flex wp-block-buttons-is-layout-flex\">\n<div class=\"wp-block-button is-style-primary\"><a class=\"wp-block-button__link wp-element-button\" href=\"https:\/\/chat.whatsapp.com\/KXULKuilDUR5Pumzr7q1oL\">ENTRAR NO GRUPO DE WHATSAPP<\/a><\/div>\n<\/div>\n\n\n\n<div style=\"height:52px\" aria-hidden=\"true\" class=\"wp-block-spacer\"><\/div>\n\n\n\n<h2 class=\"wp-block-heading\">At\u00e9 Breve!<\/h2>\n\n\n\n<p><\/p>\n","protected":false},"excerpt":{"rendered":"<p>MEUS PARAB\u00c9NS! VOC\u00ca DEU UM GRANDE PASSO NA SUA JORNADA DE AUTO CONHECIMENTO! Em breve voc\u00ea receber\u00e1 a confirma\u00e7\u00e3o da sua inscri\u00e7\u00e3o atrav\u00e9s do seu e-mail ou WhatsApp! \u00c9 muito importante tamb\u00e9m que voc\u00ea entre no meu grupo de WhatsApp para receber informa\u00e7\u00f5es em primeira m\u00e3o sobre o nosso evento! Aguardo voc\u00eas no grupo: At\u00e9&hellip;&nbsp;<a href=\"https:\/\/staroffices.com.br\/index.php\/agradecemos-a-sua-inscricao\/\" rel=\"bookmark\">Continue a ler &raquo;<span class=\"screen-reader-text\">AGRADECEMOS A SUA INSCRI\u00c7\u00c3O<\/span><\/a><\/p>\n","protected":false},"author":1,"featured_media":0,"parent":0,"menu_order":0,"comment_status":"closed","ping_status":"closed","template":"","meta":{"neve_meta_sidebar":"","neve_meta_container":"","neve_meta_enable_content_width":"","neve_meta_content_width":0,"neve_meta_title_alignment":"","neve_meta_author_avatar":"","neve_post_elements_order":"","neve_meta_disable_header":"","neve_meta_disable_footer":"","neve_meta_disable_title":"","_themeisle_gutenberg_block_has_review":false,"footnotes":""},"class_list":["post-594","page","type-page","status-publish","hentry"],"yoast_head":"<!-- This site is optimized with the Yoast SEO plugin v27.4 - https:\/\/yoast.com\/product\/yoast-seo-wordpress\/ -->\n<title>AGRADECEMOS A SUA INSCRI\u00c7\u00c3O -<\/title>\n<meta name=\"robots\" content=\"index, follow, max-snippet:-1, max-image-preview:large, max-video-preview:-1\" \/>\n<link rel=\"canonical\" href=\"https:\/\/staroffices.com.br\/index.php\/agradecemos-a-sua-inscricao\/\" \/>\n<meta property=\"og:locale\" content=\"pt_BR\" \/>\n<meta property=\"og:type\" content=\"article\" \/>\n<meta property=\"og:title\" content=\"AGRADECEMOS A SUA INSCRI\u00c7\u00c3O -\" \/>\n<meta property=\"og:description\" content=\"MEUS PARAB\u00c9NS! VOC\u00ca DEU UM GRANDE PASSO NA SUA JORNADA DE AUTO CONHECIMENTO! Em breve voc\u00ea receber\u00e1 a confirma\u00e7\u00e3o da sua inscri\u00e7\u00e3o atrav\u00e9s do seu e-mail ou WhatsApp! \u00c9 muito importante tamb\u00e9m que voc\u00ea entre no meu grupo de WhatsApp para receber informa\u00e7\u00f5es em primeira m\u00e3o sobre o nosso evento! Aguardo voc\u00eas no grupo: At\u00e9&hellip;&nbsp;Continue a ler &raquo;AGRADECEMOS A SUA INSCRI\u00c7\u00c3O\" \/>\n<meta property=\"og:url\" content=\"https:\/\/staroffices.com.br\/index.php\/agradecemos-a-sua-inscricao\/\" \/>\n<meta property=\"article:publisher\" content=\"https:\/\/www.facebook.com\/starofficescwk\/\" \/>\n<meta property=\"article:modified_time\" content=\"2023-02-14T22:49:20+00:00\" \/>\n<meta name=\"twitter:card\" content=\"summary_large_image\" \/>\n<meta name=\"twitter:label1\" content=\"Est. tempo de leitura\" \/>\n\t<meta name=\"twitter:data1\" content=\"1 minuto\" \/>\n<script type=\"application\/ld+json\" class=\"yoast-schema-graph\">{\"@context\":\"https:\\\/\\\/schema.org\",\"@graph\":[{\"@type\":\"WebPage\",\"@id\":\"https:\\\/\\\/staroffices.com.br\\\/index.php\\\/agradecemos-a-sua-inscricao\\\/\",\"url\":\"https:\\\/\\\/staroffices.com.br\\\/index.php\\\/agradecemos-a-sua-inscricao\\\/\",\"name\":\"AGRADECEMOS A SUA INSCRI\u00c7\u00c3O -\",\"isPartOf\":{\"@id\":\"https:\\\/\\\/staroffices.com.br\\\/#website\"},\"datePublished\":\"2023-02-14T22:36:46+00:00\",\"dateModified\":\"2023-02-14T22:49:20+00:00\",\"breadcrumb\":{\"@id\":\"https:\\\/\\\/staroffices.com.br\\\/index.php\\\/agradecemos-a-sua-inscricao\\\/#breadcrumb\"},\"inLanguage\":\"pt-BR\",\"potentialAction\":[{\"@type\":\"ReadAction\",\"target\":[\"https:\\\/\\\/staroffices.com.br\\\/index.php\\\/agradecemos-a-sua-inscricao\\\/\"]}]},{\"@type\":\"BreadcrumbList\",\"@id\":\"https:\\\/\\\/staroffices.com.br\\\/index.php\\\/agradecemos-a-sua-inscricao\\\/#breadcrumb\",\"itemListElement\":[{\"@type\":\"ListItem\",\"position\":1,\"name\":\"In\u00edcio\",\"item\":\"https:\\\/\\\/staroffices.com.br\\\/\"},{\"@type\":\"ListItem\",\"position\":2,\"name\":\"AGRADECEMOS A SUA INSCRI\u00c7\u00c3O\"}]},{\"@type\":\"WebSite\",\"@id\":\"https:\\\/\\\/staroffices.com.br\\\/#website\",\"url\":\"https:\\\/\\\/staroffices.com.br\\\/\",\"name\":\"Star Offices Coworking\",\"description\":\"\",\"publisher\":{\"@id\":\"https:\\\/\\\/staroffices.com.br\\\/#organization\"},\"potentialAction\":[{\"@type\":\"SearchAction\",\"target\":{\"@type\":\"EntryPoint\",\"urlTemplate\":\"https:\\\/\\\/staroffices.com.br\\\/?s={search_term_string}\"},\"query-input\":{\"@type\":\"PropertyValueSpecification\",\"valueRequired\":true,\"valueName\":\"search_term_string\"}}],\"inLanguage\":\"pt-BR\"},{\"@type\":\"Organization\",\"@id\":\"https:\\\/\\\/staroffices.com.br\\\/#organization\",\"name\":\"Star Offices Coworking\",\"url\":\"https:\\\/\\\/staroffices.com.br\\\/\",\"logo\":{\"@type\":\"ImageObject\",\"inLanguage\":\"pt-BR\",\"@id\":\"https:\\\/\\\/staroffices.com.br\\\/#\\\/schema\\\/logo\\\/image\\\/\",\"url\":\"https:\\\/\\\/staroffices.com.br\\\/wp-content\\\/uploads\\\/2022\\\/06\\\/star-office-finalizado-fundo-transparente.png\",\"contentUrl\":\"https:\\\/\\\/staroffices.com.br\\\/wp-content\\\/uploads\\\/2022\\\/06\\\/star-office-finalizado-fundo-transparente.png\",\"width\":2160,\"height\":2160,\"caption\":\"Star Offices Coworking\"},\"image\":{\"@id\":\"https:\\\/\\\/staroffices.com.br\\\/#\\\/schema\\\/logo\\\/image\\\/\"},\"sameAs\":[\"https:\\\/\\\/www.facebook.com\\\/starofficescwk\\\/\"]}]}<\/script>\n<!-- \/ Yoast SEO plugin. -->","yoast_head_json":{"title":"AGRADECEMOS A SUA INSCRI\u00c7\u00c3O -","robots":{"index":"index","follow":"follow","max-snippet":"max-snippet:-1","max-image-preview":"max-image-preview:large","max-video-preview":"max-video-preview:-1"},"canonical":"https:\/\/staroffices.com.br\/index.php\/agradecemos-a-sua-inscricao\/","og_locale":"pt_BR","og_type":"article","og_title":"AGRADECEMOS A SUA INSCRI\u00c7\u00c3O -","og_description":"MEUS PARAB\u00c9NS! VOC\u00ca DEU UM GRANDE PASSO NA SUA JORNADA DE AUTO CONHECIMENTO! Em breve voc\u00ea receber\u00e1 a confirma\u00e7\u00e3o da sua inscri\u00e7\u00e3o atrav\u00e9s do seu e-mail ou WhatsApp! \u00c9 muito importante tamb\u00e9m que voc\u00ea entre no meu grupo de WhatsApp para receber informa\u00e7\u00f5es em primeira m\u00e3o sobre o nosso evento! Aguardo voc\u00eas no grupo: At\u00e9&hellip;&nbsp;Continue a ler &raquo;AGRADECEMOS A SUA INSCRI\u00c7\u00c3O","og_url":"https:\/\/staroffices.com.br\/index.php\/agradecemos-a-sua-inscricao\/","article_publisher":"https:\/\/www.facebook.com\/starofficescwk\/","article_modified_time":"2023-02-14T22:49:20+00:00","twitter_card":"summary_large_image","twitter_misc":{"Est. tempo de leitura":"1 minuto"},"schema":{"@context":"https:\/\/schema.org","@graph":[{"@type":"WebPage","@id":"https:\/\/staroffices.com.br\/index.php\/agradecemos-a-sua-inscricao\/","url":"https:\/\/staroffices.com.br\/index.php\/agradecemos-a-sua-inscricao\/","name":"AGRADECEMOS A SUA INSCRI\u00c7\u00c3O -","isPartOf":{"@id":"https:\/\/staroffices.com.br\/#website"},"datePublished":"2023-02-14T22:36:46+00:00","dateModified":"2023-02-14T22:49:20+00:00","breadcrumb":{"@id":"https:\/\/staroffices.com.br\/index.php\/agradecemos-a-sua-inscricao\/#breadcrumb"},"inLanguage":"pt-BR","potentialAction":[{"@type":"ReadAction","target":["https:\/\/staroffices.com.br\/index.php\/agradecemos-a-sua-inscricao\/"]}]},{"@type":"BreadcrumbList","@id":"https:\/\/staroffices.com.br\/index.php\/agradecemos-a-sua-inscricao\/#breadcrumb","itemListElement":[{"@type":"ListItem","position":1,"name":"In\u00edcio","item":"https:\/\/staroffices.com.br\/"},{"@type":"ListItem","position":2,"name":"AGRADECEMOS A SUA INSCRI\u00c7\u00c3O"}]},{"@type":"WebSite","@id":"https:\/\/staroffices.com.br\/#website","url":"https:\/\/staroffices.com.br\/","name":"Star Offices Coworking","description":"","publisher":{"@id":"https:\/\/staroffices.com.br\/#organization"},"potentialAction":[{"@type":"SearchAction","target":{"@type":"EntryPoint","urlTemplate":"https:\/\/staroffices.com.br\/?s={search_term_string}"},"query-input":{"@type":"PropertyValueSpecification","valueRequired":true,"valueName":"search_term_string"}}],"inLanguage":"pt-BR"},{"@type":"Organization","@id":"https:\/\/staroffices.com.br\/#organization","name":"Star Offices Coworking","url":"https:\/\/staroffices.com.br\/","logo":{"@type":"ImageObject","inLanguage":"pt-BR","@id":"https:\/\/staroffices.com.br\/#\/schema\/logo\/image\/","url":"https:\/\/staroffices.com.br\/wp-content\/uploads\/2022\/06\/star-office-finalizado-fundo-transparente.png","contentUrl":"https:\/\/staroffices.com.br\/wp-content\/uploads\/2022\/06\/star-office-finalizado-fundo-transparente.png","width":2160,"height":2160,"caption":"Star Offices Coworking"},"image":{"@id":"https:\/\/staroffices.com.br\/#\/schema\/logo\/image\/"},"sameAs":["https:\/\/www.facebook.com\/starofficescwk\/"]}]}},"_links":{"self":[{"href":"https:\/\/staroffices.com.br\/index.php\/wp-json\/wp\/v2\/pages\/594","targetHints":{"allow":["GET"]}}],"collection":[{"href":"https:\/\/staroffices.com.br\/index.php\/wp-json\/wp\/v2\/pages"}],"about":[{"href":"https:\/\/staroffices.com.br\/index.php\/wp-json\/wp\/v2\/types\/page"}],"author":[{"embeddable":true,"href":"https:\/\/staroffices.com.br\/index.php\/wp-json\/wp\/v2\/users\/1"}],"replies":[{"embeddable":true,"href":"https:\/\/staroffices.com.br\/index.php\/wp-json\/wp\/v2\/comments?post=594"}],"version-history":[{"count":3,"href":"https:\/\/staroffices.com.br\/index.php\/wp-json\/wp\/v2\/pages\/594\/revisions"}],"predecessor-version":[{"id":598,"href":"https:\/\/staroffices.com.br\/index.php\/wp-json\/wp\/v2\/pages\/594\/revisions\/598"}],"wp:attachment":[{"href":"https:\/\/staroffices.com.br\/index.php\/wp-json\/wp\/v2\/media?parent=594"}],"curies":[{"name":"wp","href":"https:\/\/api.w.org\/{rel}","templated":true}]}}