{"id":3,"date":"2022-06-08T19:49:47","date_gmt":"2022-06-08T22:49:47","guid":{"rendered":"https:\/\/staroffices.com.br\/?page_id=3"},"modified":"2023-02-13T17:53:29","modified_gmt":"2023-02-13T20:53:29","slug":"politica-de-privacidade","status":"publish","type":"page","link":"https:\/\/staroffices.com.br\/index.php\/politica-de-privacidade\/","title":{"rendered":"Pol\u00edtica de privacidade"},"content":{"rendered":"\n<h2 class=\"wp-block-heading\">Quem somos<\/h2>\n\n\n\n<p><strong class=\"privacy-policy-tutorial\">Texto sugerido: <\/strong>O endere\u00e7o do nosso site \u00e9: https:\/\/staroffices.com.br.<\/p>\n\n\n\n<h2 class=\"wp-block-heading\" id=\"block-7e552af5-567b-4f5f-9762-32e5848956dd\">Quais dados pessoais coletamos e porque<\/h2>\n\n\n\n<h3 class=\"wp-block-heading\" id=\"block-110a0beb-8708-4b06-a793-1c3b36990946\">Coment\u00e1rios<\/h3>\n\n\n\n<p id=\"block-964ab867-bc3d-4cb8-8d6b-94a3a1f545bd\">Quando os visitantes deixam coment\u00e1rios no site, coletamos os dados mostrados no formul\u00e1rio de coment\u00e1rios, al\u00e9m do endere\u00e7o de IP e de dados do navegador do visitante, para auxiliar na detec\u00e7\u00e3o de spam.<\/p>\n\n\n\n<p id=\"block-be9ed623-9d5d-46f0-a36b-6a3a6d9b2d2d\">Uma sequ\u00eancia anonimizada de caracteres criada a partir do seu e-mail (tamb\u00e9m chamada de hash) poder\u00e1 ser enviada para o Gravatar para verificar se voc\u00ea usa o servi\u00e7o. A pol\u00edtica de privacidade do Gravatar est\u00e1 dispon\u00edvel aqui: https:\/\/automattic.com\/privacy\/. Depois da aprova\u00e7\u00e3o do seu coment\u00e1rio, a foto do seu perfil fica vis\u00edvel publicamente junto de seu coment\u00e1rio.<\/p>\n\n\n\n<h3 class=\"wp-block-heading\" id=\"block-7d78c663-9506-4402-8404-0aecbbc0a305\">M\u00eddia<\/h3>\n\n\n\n<p id=\"block-9619a1e8-d163-4bdb-bc63-7d2958dc6004\">Se voc\u00ea envia imagens para o site, evite enviar as que contenham dados de localiza\u00e7\u00e3o incorporados (EXIF GPS). Visitantes podem baixar estas imagens do site e extrair delas seus dados de localiza\u00e7\u00e3o.<\/p>\n\n\n\n<h3 class=\"wp-block-heading\" id=\"block-7cc0fa90-7b94-407b-9188-c03a68298eb8\">Formul\u00e1rios de contato<\/h3>\n\n\n\n<p id=\"block-6d368d40-bc95-416c-be53-ff65b9f26796\">Nosso site coleta e utiliza somente dados pessoais necess\u00e1rios de nossos clientes, afim de viabilizar a presta\u00e7\u00e3o de servi\u00e7os e aprimorar a experi\u00eancia de uso.<\/p>\n\n\n\n<p id=\"block-6f6c27dc-a95f-4fa8-af71-226f6006ba9a\">No caso de formul\u00e1rio simples, geralmente coletamos informa\u00e7\u00f5es como nome, telefone, e-mail, e se necess\u00e1rio algum dado espec\u00edfico para viabilizar a presta\u00e7\u00e3o dos servi\u00e7os solicitados pelo cliente.<\/p>\n\n\n\n<p id=\"block-2506b98c-1d1f-4eea-9cc5-fa3a20f4fb31\">Em caso de sites de e-commerce, al\u00e9m dos dados pessoais b\u00e1sicos citados acima, tamb\u00e9m se faz necess\u00e1ria a coleta de informa\u00e7\u00f5es para o processamento do pedido junto aos gateways de pagamento e envio.<\/p>\n\n\n\n<p id=\"block-06cb274b-6287-415f-aec5-814071c90a8e\">Para tal, \u00e9 necess\u00e1ria a coleta de documentos pessoais e informa\u00e7\u00f5es inerentes ao pagamento, como n\u00famero do cart\u00e3o de cr\u00e9dito, validade, entre outras informa\u00e7\u00f5es. Deixamos claro que n\u00e3o armazenamos informa\u00e7\u00f5es de pagamento, nas quais s\u00e3o enviadas diretamente aos gateways de pagamento para processamento imediato da transa\u00e7\u00e3o financeira.<\/p>\n\n\n\n<p id=\"block-7c1924ab-8034-4269-acdc-98c14e373293\">Informamos que todas as nossas transa\u00e7\u00f5es s\u00e3o realizadas atrav\u00e9s de protocolo seguro (SSL\/HTTPS) para garantir maior seguran\u00e7a e privacidade das informa\u00e7\u00f5es de nossos clientes.<\/p>\n\n\n\n<h3 class=\"wp-block-heading\" id=\"block-382040b9-540c-4f14-87c3-9875b2cca481\">Cookies<\/h3>\n\n\n\n<p id=\"block-3efd3efa-de69-406b-b1a2-c24c1c493661\">Ao deixar um coment\u00e1rio no site, voc\u00ea poder\u00e1 optar por salvar seu nome, e-mail e site nos cookies. Isso visa seu conforto, assim voc\u00ea n\u00e3o precisar\u00e1 preencher seus dados novamente quando fizer outro coment\u00e1rio. Estes cookies duram um ano.<\/p>\n\n\n\n<p id=\"block-11ffd543-0bcb-4fc2-9187-1addef0d292b\">Se voc\u00ea tem uma conta e acessa este site, um cookie tempor\u00e1rio ser\u00e1 criado para determinar se seu navegador aceita cookies. Ele n\u00e3o cont\u00e9m nenhum dado pessoal e ser\u00e1 descartado quando voc\u00ea fechar seu navegador.<\/p>\n\n\n\n<p id=\"block-fa2ded43-614b-4a1d-b7cb-49bbf5f4a53b\">Quando voc\u00ea acessa sua conta no site, tamb\u00e9m criamos v\u00e1rios cookies para salvar os dados da sua conta e suas escolhas de exibi\u00e7\u00e3o de tela. Cookies de login s\u00e3o mantidos por dois dias e cookies de op\u00e7\u00f5es de tela por um ano. Se voc\u00ea selecionar &#8220;Lembrar-me&#8221;, seu acesso ser\u00e1 mantido por duas semanas. Se voc\u00ea se desconectar da sua conta, os cookies de login ser\u00e3o removidos.<\/p>\n\n\n\n<p id=\"block-9dc35a50-7747-41c4-841a-f1d0940306e5\">Se voc\u00ea editar ou publicar um artigo, um cookie adicional ser\u00e1 salvo no seu navegador. Este cookie n\u00e3o inclui nenhum dado pessoal e simplesmente indica o ID do post referente ao artigo que voc\u00ea acabou de editar. Ele expira depois de 1 dia.<\/p>\n\n\n\n<h3 class=\"wp-block-heading\" id=\"block-cf7252ca-cb77-44f6-9754-7bef8ac1cd5e\">M\u00eddia incorporada de outros sites<\/h3>\n\n\n\n<p id=\"block-f12e3293-be3f-4ff2-8771-e9ef32755a09\">Artigos neste site podem incluir conte\u00fado incorporado como, por exemplo, v\u00eddeos, imagens, artigos, etc. Conte\u00fados incorporados de outros sites se comportam exatamente da mesma forma como se o visitante estivesse acessando o outro site.<\/p>\n\n\n\n<p id=\"block-1e337792-1103-4b69-a05e-2ab63370201f\">Estes sites podem coletar dados sobre voc\u00ea, usar cookies, incorporar rastreamento adicional de terceiros e monitorar sua intera\u00e7\u00e3o com este conte\u00fado incorporado, incluindo sua intera\u00e7\u00e3o com o conte\u00fado incorporado se voc\u00ea tem uma conta e est\u00e1 conectado com o site.<\/p>\n\n\n\n<h2 class=\"wp-block-heading\" id=\"block-c19f359c-c0a4-4e57-a1ba-f8ae4baa0e7b\">Consentimento<\/h2>\n\n\n\n<p id=\"block-e37192c7-750a-4f42-ab44-ba4c2c76c507\">\u00c9 a partir do seu consentimento que tratamos os seus dados pessoais. O consentimento \u00e9 a manifesta\u00e7\u00e3o livre, informada e inequ\u00edvoca pela qual voc\u00ea nos autoriza a tratar seus dados.<\/p>\n\n\n\n<p id=\"block-7371fb4e-2571-441c-858e-d2a6216095d0\">Assim, em conson\u00e2ncia com a Lei Geral de Prote\u00e7\u00e3o de Dados, seus dados s\u00f3 ser\u00e3o coletados, tratados e armazenados mediante pr\u00e9vio e expresso consentimento.<\/p>\n\n\n\n<p id=\"block-aa8e4eca-2f9b-425e-8e9e-8cbd67afbbe5\">O seu consentimento ser\u00e1 obtido de forma espec\u00edfica para cada finalidade acima descrita, evidenciando o nosso compromisso de transpar\u00eancia e boa-f\u00e9 para com seus usu\u00e1rios\/clientes, seguindo as regula\u00e7\u00f5es legislativas pertinentes.<\/p>\n\n\n\n<p id=\"block-3a9390a9-27ee-41ae-a78a-aba99417823d\">Ao utilizar os nossos servi\u00e7os e fornecer seus dados pessoais, voc\u00ea est\u00e1 ciente e consentindo com as disposi\u00e7\u00f5es desta Pol\u00edtica de Privacidade, al\u00e9m de conhecer seus direitos e como exerc\u00ea-los.<\/p>\n\n\n\n<p id=\"block-318657ae-93d4-4646-90fa-8cc7073a2fd7\">A qualquer tempo e sem nenhum custo, voc\u00ea poder\u00e1 revogar seu consentimento.<\/p>\n\n\n\n<p id=\"block-bf422da7-4e89-4a6c-8c00-ead0db072a55\">\u00c9 importante destacar que a revoga\u00e7\u00e3o do consentimento para o tratamento dos dados pode implicar a impossibilidade da performance adequada de alguma funcionalidade do site que dependa da opera\u00e7\u00e3o. Tais consequ\u00eancias ser\u00e3o informadas previamente.<\/p>\n\n\n\n<h2 class=\"wp-block-heading\" id=\"block-9e633f28-e257-4d40-b8d8-3a71749bc60b\">Com quem partilhamos seus dados<\/h2>\n\n\n\n<p id=\"block-3d743876-0f79-4278-b4c2-f5a0f876ef7a\">Tendo em vista a preserva\u00e7\u00e3o de sua privacidade, n\u00e3o compartilhamos seus dados pessoais com nenhum terceiro n\u00e3o autorizado.<\/p>\n\n\n\n<p id=\"block-4381bacc-cb02-4cf2-9683-d9978c5342c7\">Seus dados poder\u00e3o ser compartilhados com nossos parceiros comerciais apenas com a finalidade de processamento de pedidos e c\u00e1lculos de frete, isso inclui institui\u00e7\u00f5es financeiras (Gateways de pagamento) e Gateways de frete informados no momento da transa\u00e7\u00e3o.<\/p>\n\n\n\n<p id=\"block-b3089310-bee1-43f4-9389-163cad0079a3\">Estes recebem seus dados apenas na medida do necess\u00e1rio para a presta\u00e7\u00e3o dos servi\u00e7os contratados e nossos contratos s\u00e3o orientados pelas normas de prote\u00e7\u00e3o de dados do ordenamento jur\u00eddico brasileiro.<\/p>\n\n\n\n<p id=\"block-6e0bac7e-fb68-48f5-97f9-711a7f7ab9ad\">Todavia, nossos parceiros t\u00eam suas pr\u00f3prias Pol\u00edticas de Privacidade, que podem divergir desta. Recomendamos a leitura desses documentos.<\/p>\n\n\n\n<h2 class=\"wp-block-heading\" id=\"block-fb3b7f6b-571c-4e71-931c-29dd32437f5b\">Transfer\u00eancia internacional de dados<\/h2>\n\n\n\n<p id=\"block-048bf2e7-9b58-4c01-b425-30385e1756fc\">Alguns dos terceiros com quem compartilhamos seus dados podem ser localizados ou possuir instala\u00e7\u00f5es localizadas em pa\u00edses estrangeiros. Nessas condi\u00e7\u00f5es, de toda forma, seus dados pessoais estar\u00e3o sujeitos \u00e0 Lei Geral de Prote\u00e7\u00e3o de Dados e \u00e0s demais legisla\u00e7\u00f5es brasileiras de prote\u00e7\u00e3o de dados.<\/p>\n\n\n\n<p id=\"block-799592cd-5484-4a62-9dca-43d7e963bc82\">Nesse sentido, nos comprometemos a sempre adotar eficientes padr\u00f5es de seguran\u00e7a cibern\u00e9tica e de prote\u00e7\u00e3o de dados, nos melhores esfor\u00e7os de garantir e cumprir as exig\u00eancias legislativas.<\/p>\n\n\n\n<p id=\"block-a1a37f59-39b7-4231-90a3-9e4bbb60dedc\">Ao concordar com essa Pol\u00edtica de Privacidade, voc\u00ea concorda com esse compartilhamento, que se dar\u00e1 conforme as finalidades descritas no presente instrumento.<\/p>\n\n\n\n<h2 class=\"wp-block-heading\" id=\"block-26293b76-b7a3-40dc-8eee-225eb5dab379\">Por quanto tempo mantemos os seus dados<\/h2>\n\n\n\n<p id=\"block-515f4154-abcb-4d45-9554-bb738ec157ce\">Se voc\u00ea deixar um coment\u00e1rio, o coment\u00e1rio e os seus metadados s\u00e3o conservados indefinidamente. Fazemos isso para que seja poss\u00edvel reconhecer e aprovar automaticamente qualquer coment\u00e1rio posterior ao inv\u00e9s de ret\u00ea-lo para modera\u00e7\u00e3o.<\/p>\n\n\n\n<p id=\"block-7643054b-86d5-4db7-b677-08f1dd404eef\">Para usu\u00e1rios que se registram no nosso site (se houver), tamb\u00e9m guardamos as informa\u00e7\u00f5es pessoais que fornecem no seu perfil de usu\u00e1rio. Todos os usu\u00e1rios podem ver, editar ou excluir suas informa\u00e7\u00f5es pessoais a qualquer momento (s\u00f3 n\u00e3o \u00e9 poss\u00edvel alterar o seu username). Os administradores de sites tamb\u00e9m podem ver e editar estas informa\u00e7\u00f5es.<\/p>\n\n\n\n<h2 class=\"wp-block-heading\" id=\"block-35bdde11-d4c6-4311-9284-05cf8b676783\">Quais os seus direitos sobre seus dados<\/h2>\n\n\n\n<p id=\"block-bfe91448-eaf8-41a9-a7e2-363f7a92dd29\">Assegura os seus direitos de titular previstos no artigo 18 da Lei Geral de Prote\u00e7\u00e3o de Dados. Dessa forma, voc\u00ea pode, de maneira gratuita e a qualquer tempo:<\/p>\n\n\n\n<p id=\"block-264abffb-4d4f-424d-92c7-b2d8ce229daf\"><strong>Confirmar a exist\u00eancia de tratamento de dados<\/strong>, de maneira simplificada ou em formato claro e completo.<br><strong>Acessar seus dados<\/strong>, podendo solicit\u00e1-los em uma c\u00f3pia leg\u00edvel sob forma impressa ou por meio eletr\u00f4nico, seguro e id\u00f4neo.<br><strong>Corrigir seus dados<\/strong>, ao solicitar a edi\u00e7\u00e3o, corre\u00e7\u00e3o ou atualiza\u00e7\u00e3o destes.<br><strong>Limitar seus dados quando desnecess\u00e1rios<\/strong>, excessivos ou tratados em desconformidade com a legisla\u00e7\u00e3o atrav\u00e9s da anonimiza\u00e7\u00e3o, bloqueio ou elimina\u00e7\u00e3o.<br><strong>Solicitar a portabilidade de seus dados<\/strong>, atrav\u00e9s de um relat\u00f3rio de dados cadastrais que trata a seu respeito.<br><strong>Eliminar seus dados tratados a partir de seu consentimento<\/strong>, exceto nos casos previstos em lei.<strong><br>Revogar seu consentimento<\/strong>, desautorizando o tratamento de seus dados.<br><strong>Informar-se sobre a possibilidade de n\u00e3o fornecer seu consentimento<\/strong> e sobre as consequ\u00eancias da negativa.<\/p>\n\n\n\n<h2 class=\"wp-block-heading\" id=\"block-cf0205b0-641e-48c3-b717-6fcb72b3d5a2\">Para onde enviamos seus dados<\/h2>\n\n\n\n<p id=\"block-57064c4e-9f7f-4007-885f-09075022658b\">Coment\u00e1rios de visitantes podem ser marcados por um servi\u00e7o autom\u00e1tico de detec\u00e7\u00e3o de spam.<\/p>\n\n\n\n<h3 class=\"wp-block-heading\" id=\"block-cc65d1e0-911c-42cc-a13b-560de28b509e\">Como protegemos seus dados<\/h3>\n\n\n\n<p id=\"block-783eae85-5f3a-4054-a011-17a996ca6e1c\">Para mantermos suas informa\u00e7\u00f5es pessoais seguras, usamos ferramentas f\u00edsicas, eletr\u00f4nicas e gerenciais orientadas para a prote\u00e7\u00e3o da sua privacidade.<\/p>\n\n\n\n<p id=\"block-84bed66e-1394-40eb-a814-0e8fef351bba\">Aplicamos essas ferramentas levando em considera\u00e7\u00e3o a natureza dos dados pessoais coletados, o contexto e a finalidade do tratamento e os riscos que eventuais viola\u00e7\u00f5es gerariam para os direitos e liberdades do titular dos dados coletados e tratados.<\/p>\n\n\n\n<p id=\"block-dd6a7350-9a17-4fb7-a967-f274170e1b01\">Entre as medidas que adotamos, destacamos as seguintes:<\/p>\n\n\n\n<p id=\"block-7a75fc6d-9079-4049-ad75-e9a6f8b8947e\">Apenas pessoas autorizadas t\u00eam acesso a seus dados pessoais;<br>O acesso a seus dados pessoais \u00e9 feito somente ap\u00f3s o compromisso de confidencialidade;<br>Seus dados pessoais s\u00e3o armazenados em ambiente seguro e id\u00f4neo.<br><br>Nos comprometemos a adotar as melhores posturas para evitar incidentes de seguran\u00e7a. Contudo, \u00e9 necess\u00e1rio destacar que nenhuma p\u00e1gina virtual \u00e9 inteiramente segura e livre de riscos. \u00c9 poss\u00edvel que, apesar de todos os nossos protocolos de seguran\u00e7a, problemas de culpa exclusivamente de terceiros ocorram, como ataques cibern\u00e9ticos de hackers, ou tamb\u00e9m em decorr\u00eancia da neglig\u00eancia ou imprud\u00eancia do pr\u00f3prio usu\u00e1rio\/cliente.<\/p>\n\n\n\n<p id=\"block-7436b246-2038-47df-8692-0015fcb5fbbf\">Em caso de incidentes de seguran\u00e7a que possa gerar risco ou dano relevante para voc\u00ea ou qualquer um de nossos usu\u00e1rios\/clientes, comunicaremos aos afetados e a Autoridade Nacional de Prote\u00e7\u00e3o de Dados sobre o ocorrido, em conson\u00e2ncia com as disposi\u00e7\u00f5es da Lei Geral de Prote\u00e7\u00e3o de Dados.<\/p>\n\n\n\n<h3 class=\"wp-block-heading\" id=\"block-c9234ed9-1842-4608-b27e-ed3335ef1bcb\">Quais s\u00e3o nossos procedimentos contra viola\u00e7\u00e3o de dados<\/h3>\n\n\n\n<p id=\"block-679bfd6a-a178-4406-95f9-6ddd79e500f9\">Sabemos que nenhuma empresa est\u00e1 imune a sofrer ataques cibern\u00e9ticos, por mais seguros que sejam os m\u00e9todos utilizados na preven\u00e7\u00e3o contra a viola\u00e7\u00e3o de dados.<\/p>\n\n\n\n<p id=\"block-1badf3e7-6ff1-4ea2-900f-d4ef13cb22c3\">Por\u00e9m, caso ocorra tal viola\u00e7\u00e3o, nos comprometemos a tomar as devidas provid\u00eancias imediatamente assim que tal situa\u00e7\u00e3o for identificada, seguindo os seguintes procedimentos:<\/p>\n\n\n\n<ul class=\"wp-block-list\" id=\"block-a4992fcd-5296-41d0-ac01-bb6712343073\">\n<li>Identificar a causa do vazamento das informa\u00e7\u00f5es;<\/li>\n\n\n\n<li>Determinar a dimens\u00e3o dos impactos relacionados as informa\u00e7\u00f5es roubadas;<\/li>\n\n\n\n<li>Reunir todos os setores envolvidos para tra\u00e7ar um plano de a\u00e7\u00e3o afim de estancar e minimizar o problema;<\/li>\n\n\n\n<li>Comunicar imediatamente todos os terceiros nos quais realizamos interc\u00e2mbio de informa\u00e7\u00f5es;<\/li>\n\n\n\n<li>Paralisar imediatamente os sistemas afetados;<\/li>\n\n\n\n<li>Adotar medidas de seguran\u00e7a para evitar maiores danos como altera\u00e7\u00e3o de senhas de acesso em todos os n\u00edveis que envolvam nossos sistemas de informa\u00e7\u00f5es, desde servidores, firewalls, sites e demais aplica\u00e7\u00f5es;<\/li>\n\n\n\n<li>Relatar detalhadamente \u00e0s pessoas externas envolvidas;<\/li>\n\n\n\n<li>Divulgar o ocorrido e nos preparar para fornecer respostas;<\/li>\n\n\n\n<li>Fortalecer a preven\u00e7\u00e3o a viola\u00e7\u00e3o de dados.<\/li>\n<\/ul>\n\n\n\n<h2 class=\"wp-block-heading\" id=\"block-c1912cd0-dc20-4af4-90a1-31e98e1504ba\">ALTERA\u00c7\u00c3O DESTA POL\u00cdTICA DE PRIVACIDADE<\/h2>\n\n\n\n<p id=\"block-9e028109-63f1-48b3-99fd-dd720147ec53\">A atual vers\u00e3o da Pol\u00edtica de Privacidade foi formulada e atualizada pela \u00faltima vez em: (16 de Dezembro de 2021).<\/p>\n\n\n\n<p id=\"block-13ab1cde-40ce-46c3-8657-73c71efb2824\">Reservamos o direito de modificar essa Pol\u00edtica de Privacidade a qualquer tempo, principalmente em fun\u00e7\u00e3o da adequa\u00e7\u00e3o a eventuais altera\u00e7\u00f5es feitas em nosso site ou em \u00e2mbito legislativo. Recomendamos que voc\u00ea a revise com frequ\u00eancia.<\/p>\n\n\n\n<p id=\"block-1712686f-a0dc-494d-a125-ed90e53aa552\">Eventuais altera\u00e7\u00f5es entrar\u00e3o em vigor a partir de sua publica\u00e7\u00e3o em nosso site e sempre lhe notificaremos acerca das mudan\u00e7as ocorridas.<\/p>\n\n\n\n<p id=\"block-7b592511-aa46-42df-ae7d-750a7a8541f1\">Ao utilizar nossos servi\u00e7os e fornecer seus dados pessoais ap\u00f3s tais modifica\u00e7\u00f5es, voc\u00ea as consente.<\/p>\n","protected":false},"excerpt":{"rendered":"<p>Quem somos Texto sugerido: O endere\u00e7o do nosso site \u00e9: https:\/\/staroffices.com.br. Quais dados pessoais coletamos e porque Coment\u00e1rios Quando os visitantes deixam coment\u00e1rios no site, coletamos os dados mostrados no formul\u00e1rio de coment\u00e1rios, al\u00e9m do endere\u00e7o de IP e de dados do navegador do visitante, para auxiliar na detec\u00e7\u00e3o de spam. Uma sequ\u00eancia anonimizada de&hellip;&nbsp;<a href=\"https:\/\/staroffices.com.br\/index.php\/politica-de-privacidade\/\" rel=\"bookmark\">Continue a ler &raquo;<span class=\"screen-reader-text\">Pol\u00edtica de privacidade<\/span><\/a><\/p>\n","protected":false},"author":1,"featured_media":0,"parent":0,"menu_order":0,"comment_status":"closed","ping_status":"open","template":"","meta":{"neve_meta_sidebar":"","neve_meta_container":"","neve_meta_enable_content_width":"","neve_meta_content_width":0,"neve_meta_title_alignment":"","neve_meta_author_avatar":"","neve_post_elements_order":"","neve_meta_disable_header":"","neve_meta_disable_footer":"","neve_meta_disable_title":"","_themeisle_gutenberg_block_has_review":false,"footnotes":""},"class_list":["post-3","page","type-page","status-publish","hentry"],"yoast_head":"<!-- This site is optimized with the Yoast SEO plugin v27.4 - https:\/\/yoast.com\/product\/yoast-seo-wordpress\/ -->\n<title>Pol\u00edtica de privacidade -<\/title>\n<meta name=\"robots\" content=\"index, follow, max-snippet:-1, max-image-preview:large, max-video-preview:-1\" \/>\n<link rel=\"canonical\" href=\"https:\/\/staroffices.com.br\/index.php\/politica-de-privacidade\/\" \/>\n<meta property=\"og:locale\" content=\"pt_BR\" \/>\n<meta property=\"og:type\" content=\"article\" \/>\n<meta property=\"og:title\" content=\"Pol\u00edtica de privacidade -\" \/>\n<meta property=\"og:description\" content=\"Quem somos Texto sugerido: O endere\u00e7o do nosso site \u00e9: https:\/\/staroffices.com.br. Quais dados pessoais coletamos e porque Coment\u00e1rios Quando os visitantes deixam coment\u00e1rios no site, coletamos os dados mostrados no formul\u00e1rio de coment\u00e1rios, al\u00e9m do endere\u00e7o de IP e de dados do navegador do visitante, para auxiliar na detec\u00e7\u00e3o de spam. Uma sequ\u00eancia anonimizada de&hellip;&nbsp;Continue a ler &raquo;Pol\u00edtica de privacidade\" \/>\n<meta property=\"og:url\" content=\"https:\/\/staroffices.com.br\/index.php\/politica-de-privacidade\/\" \/>\n<meta property=\"article:publisher\" content=\"https:\/\/www.facebook.com\/starofficescwk\/\" \/>\n<meta property=\"article:modified_time\" content=\"2023-02-13T20:53:29+00:00\" \/>\n<meta name=\"twitter:card\" content=\"summary_large_image\" \/>\n<meta name=\"twitter:label1\" content=\"Est. tempo de leitura\" \/>\n\t<meta name=\"twitter:data1\" content=\"10 minutos\" \/>\n<script type=\"application\/ld+json\" class=\"yoast-schema-graph\">{\"@context\":\"https:\\\/\\\/schema.org\",\"@graph\":[{\"@type\":\"WebPage\",\"@id\":\"https:\\\/\\\/staroffices.com.br\\\/index.php\\\/politica-de-privacidade\\\/\",\"url\":\"https:\\\/\\\/staroffices.com.br\\\/index.php\\\/politica-de-privacidade\\\/\",\"name\":\"Pol\u00edtica de privacidade -\",\"isPartOf\":{\"@id\":\"https:\\\/\\\/staroffices.com.br\\\/#website\"},\"datePublished\":\"2022-06-08T22:49:47+00:00\",\"dateModified\":\"2023-02-13T20:53:29+00:00\",\"breadcrumb\":{\"@id\":\"https:\\\/\\\/staroffices.com.br\\\/index.php\\\/politica-de-privacidade\\\/#breadcrumb\"},\"inLanguage\":\"pt-BR\",\"potentialAction\":[{\"@type\":\"ReadAction\",\"target\":[\"https:\\\/\\\/staroffices.com.br\\\/index.php\\\/politica-de-privacidade\\\/\"]}]},{\"@type\":\"BreadcrumbList\",\"@id\":\"https:\\\/\\\/staroffices.com.br\\\/index.php\\\/politica-de-privacidade\\\/#breadcrumb\",\"itemListElement\":[{\"@type\":\"ListItem\",\"position\":1,\"name\":\"In\u00edcio\",\"item\":\"https:\\\/\\\/staroffices.com.br\\\/\"},{\"@type\":\"ListItem\",\"position\":2,\"name\":\"Pol\u00edtica de privacidade\"}]},{\"@type\":\"WebSite\",\"@id\":\"https:\\\/\\\/staroffices.com.br\\\/#website\",\"url\":\"https:\\\/\\\/staroffices.com.br\\\/\",\"name\":\"Star Offices Coworking\",\"description\":\"\",\"publisher\":{\"@id\":\"https:\\\/\\\/staroffices.com.br\\\/#organization\"},\"potentialAction\":[{\"@type\":\"SearchAction\",\"target\":{\"@type\":\"EntryPoint\",\"urlTemplate\":\"https:\\\/\\\/staroffices.com.br\\\/?s={search_term_string}\"},\"query-input\":{\"@type\":\"PropertyValueSpecification\",\"valueRequired\":true,\"valueName\":\"search_term_string\"}}],\"inLanguage\":\"pt-BR\"},{\"@type\":\"Organization\",\"@id\":\"https:\\\/\\\/staroffices.com.br\\\/#organization\",\"name\":\"Star Offices Coworking\",\"url\":\"https:\\\/\\\/staroffices.com.br\\\/\",\"logo\":{\"@type\":\"ImageObject\",\"inLanguage\":\"pt-BR\",\"@id\":\"https:\\\/\\\/staroffices.com.br\\\/#\\\/schema\\\/logo\\\/image\\\/\",\"url\":\"https:\\\/\\\/staroffices.com.br\\\/wp-content\\\/uploads\\\/2022\\\/06\\\/star-office-finalizado-fundo-transparente.png\",\"contentUrl\":\"https:\\\/\\\/staroffices.com.br\\\/wp-content\\\/uploads\\\/2022\\\/06\\\/star-office-finalizado-fundo-transparente.png\",\"width\":2160,\"height\":2160,\"caption\":\"Star Offices Coworking\"},\"image\":{\"@id\":\"https:\\\/\\\/staroffices.com.br\\\/#\\\/schema\\\/logo\\\/image\\\/\"},\"sameAs\":[\"https:\\\/\\\/www.facebook.com\\\/starofficescwk\\\/\"]}]}<\/script>\n<!-- \/ Yoast SEO plugin. -->","yoast_head_json":{"title":"Pol\u00edtica de privacidade -","robots":{"index":"index","follow":"follow","max-snippet":"max-snippet:-1","max-image-preview":"max-image-preview:large","max-video-preview":"max-video-preview:-1"},"canonical":"https:\/\/staroffices.com.br\/index.php\/politica-de-privacidade\/","og_locale":"pt_BR","og_type":"article","og_title":"Pol\u00edtica de privacidade -","og_description":"Quem somos Texto sugerido: O endere\u00e7o do nosso site \u00e9: https:\/\/staroffices.com.br. Quais dados pessoais coletamos e porque Coment\u00e1rios Quando os visitantes deixam coment\u00e1rios no site, coletamos os dados mostrados no formul\u00e1rio de coment\u00e1rios, al\u00e9m do endere\u00e7o de IP e de dados do navegador do visitante, para auxiliar na detec\u00e7\u00e3o de spam. Uma sequ\u00eancia anonimizada de&hellip;&nbsp;Continue a ler &raquo;Pol\u00edtica de privacidade","og_url":"https:\/\/staroffices.com.br\/index.php\/politica-de-privacidade\/","article_publisher":"https:\/\/www.facebook.com\/starofficescwk\/","article_modified_time":"2023-02-13T20:53:29+00:00","twitter_card":"summary_large_image","twitter_misc":{"Est. tempo de leitura":"10 minutos"},"schema":{"@context":"https:\/\/schema.org","@graph":[{"@type":"WebPage","@id":"https:\/\/staroffices.com.br\/index.php\/politica-de-privacidade\/","url":"https:\/\/staroffices.com.br\/index.php\/politica-de-privacidade\/","name":"Pol\u00edtica de privacidade -","isPartOf":{"@id":"https:\/\/staroffices.com.br\/#website"},"datePublished":"2022-06-08T22:49:47+00:00","dateModified":"2023-02-13T20:53:29+00:00","breadcrumb":{"@id":"https:\/\/staroffices.com.br\/index.php\/politica-de-privacidade\/#breadcrumb"},"inLanguage":"pt-BR","potentialAction":[{"@type":"ReadAction","target":["https:\/\/staroffices.com.br\/index.php\/politica-de-privacidade\/"]}]},{"@type":"BreadcrumbList","@id":"https:\/\/staroffices.com.br\/index.php\/politica-de-privacidade\/#breadcrumb","itemListElement":[{"@type":"ListItem","position":1,"name":"In\u00edcio","item":"https:\/\/staroffices.com.br\/"},{"@type":"ListItem","position":2,"name":"Pol\u00edtica de privacidade"}]},{"@type":"WebSite","@id":"https:\/\/staroffices.com.br\/#website","url":"https:\/\/staroffices.com.br\/","name":"Star Offices Coworking","description":"","publisher":{"@id":"https:\/\/staroffices.com.br\/#organization"},"potentialAction":[{"@type":"SearchAction","target":{"@type":"EntryPoint","urlTemplate":"https:\/\/staroffices.com.br\/?s={search_term_string}"},"query-input":{"@type":"PropertyValueSpecification","valueRequired":true,"valueName":"search_term_string"}}],"inLanguage":"pt-BR"},{"@type":"Organization","@id":"https:\/\/staroffices.com.br\/#organization","name":"Star Offices Coworking","url":"https:\/\/staroffices.com.br\/","logo":{"@type":"ImageObject","inLanguage":"pt-BR","@id":"https:\/\/staroffices.com.br\/#\/schema\/logo\/image\/","url":"https:\/\/staroffices.com.br\/wp-content\/uploads\/2022\/06\/star-office-finalizado-fundo-transparente.png","contentUrl":"https:\/\/staroffices.com.br\/wp-content\/uploads\/2022\/06\/star-office-finalizado-fundo-transparente.png","width":2160,"height":2160,"caption":"Star Offices Coworking"},"image":{"@id":"https:\/\/staroffices.com.br\/#\/schema\/logo\/image\/"},"sameAs":["https:\/\/www.facebook.com\/starofficescwk\/"]}]}},"_links":{"self":[{"href":"https:\/\/staroffices.com.br\/index.php\/wp-json\/wp\/v2\/pages\/3","targetHints":{"allow":["GET"]}}],"collection":[{"href":"https:\/\/staroffices.com.br\/index.php\/wp-json\/wp\/v2\/pages"}],"about":[{"href":"https:\/\/staroffices.com.br\/index.php\/wp-json\/wp\/v2\/types\/page"}],"author":[{"embeddable":true,"href":"https:\/\/staroffices.com.br\/index.php\/wp-json\/wp\/v2\/users\/1"}],"replies":[{"embeddable":true,"href":"https:\/\/staroffices.com.br\/index.php\/wp-json\/wp\/v2\/comments?post=3"}],"version-history":[{"count":1,"href":"https:\/\/staroffices.com.br\/index.php\/wp-json\/wp\/v2\/pages\/3\/revisions"}],"predecessor-version":[{"id":545,"href":"https:\/\/staroffices.com.br\/index.php\/wp-json\/wp\/v2\/pages\/3\/revisions\/545"}],"wp:attachment":[{"href":"https:\/\/staroffices.com.br\/index.php\/wp-json\/wp\/v2\/media?parent=3"}],"curies":[{"name":"wp","href":"https:\/\/api.w.org\/{rel}","templated":true}]}}