{"id":292,"date":"2023-01-12T12:10:50","date_gmt":"2023-01-12T15:10:50","guid":{"rendered":"https:\/\/staroffices.com.br\/?page_id=292"},"modified":"2025-12-11T18:57:33","modified_gmt":"2025-12-11T21:57:33","slug":"planos","status":"publish","type":"page","link":"https:\/\/staroffices.com.br\/index.php\/planos\/","title":{"rendered":"Planos"},"content":{"rendered":"\n<p>Escolha o plano que mais se adeque \u00e0 sua necessidade. Quanto mais voc\u00ea utilizar os nossos servi\u00e7os, mais ter\u00e1 direito a descontos e vantagens, como loca\u00e7\u00f5es gr\u00e1tis e muitos outros benef\u00edcios.<\/p>\n\n\n\n<section id=\"wp-block-themeisle-blocks-advanced-columns-e0e1ab2e\" class=\"wp-block-themeisle-blocks-advanced-columns alignfull has-3-columns has-desktop-equal-layout has-tablet-equal-layout has-mobile-collapsedRows-layout has-vertical-flex-start ticss-7b5eb70a\"><div class=\"wp-block-themeisle-blocks-advanced-columns-overlay\"><\/div><div class=\"innerblocks-wrap\">\n<div id=\"wp-block-themeisle-blocks-advanced-column-2489d76c\" class=\"wp-block-themeisle-blocks-advanced-column\">\n<h3 id=\"wp-block-themeisle-blocks-advanced-heading-e30ccf77\" class=\"wp-block-themeisle-blocks-advanced-heading wp-block-themeisle-blocks-advanced-heading-e30ccf77\">Reuni\u00e3o 6-8 Pessoas<\/h3>\n\n\n\n<span id=\"wp-block-themeisle-blocks-advanced-heading-01f7ed6b\" class=\"wp-block-themeisle-blocks-advanced-heading wp-block-themeisle-blocks-advanced-heading-01f7ed6b\"><strong><strong>69,90 <strong><strong>R$<\/strong><\/strong><\/strong><\/strong><\/span>\n\n\n\n<p id=\"wp-block-themeisle-blocks-advanced-heading-fe18de7e\" class=\"wp-block-themeisle-blocks-advanced-heading wp-block-themeisle-blocks-advanced-heading-fe18de7e\"><em>Sala de reuni\u00e3o para 6 pessoas comportando no m\u00e1ximo 8.<\/em><\/p>\n\n\n\n<div id=\"wp-block-themeisle-blocks-icon-list-fb8b7e9c\" class=\"wp-block-themeisle-blocks-icon-list\">\n<div id=\"wp-block-themeisle-blocks-icon-list-item-78a49dfc\" class=\"wp-block-themeisle-blocks-icon-list-item\"><i class=\"fas fa-check wp-block-themeisle-blocks-icon-list-item-icon\"><\/i><p class=\"wp-block-themeisle-blocks-icon-list-item-content\">Ar Condicionado<\/p><\/div>\n\n\n\n<div id=\"wp-block-themeisle-blocks-icon-list-item-f341b063\" class=\"wp-block-themeisle-blocks-icon-list-item\"><i class=\"fas fa-check wp-block-themeisle-blocks-icon-list-item-icon\"><\/i><p class=\"wp-block-themeisle-blocks-icon-list-item-content\">Isolamento Ac\u00fastico<\/p><\/div>\n\n\n\n<div id=\"wp-block-themeisle-blocks-icon-list-item-8216d9b3\" class=\"wp-block-themeisle-blocks-icon-list-item\"><i class=\"fas fa-check wp-block-themeisle-blocks-icon-list-item-icon\"><\/i><p class=\"wp-block-themeisle-blocks-icon-list-item-content\">TV com Chromecast<\/p><\/div>\n\n\n\n<div id=\"wp-block-themeisle-blocks-icon-list-item-1c648ab6\" class=\"wp-block-themeisle-blocks-icon-list-item\"><i class=\"fas fa-check wp-block-themeisle-blocks-icon-list-item-icon\"><\/i><p class=\"wp-block-themeisle-blocks-icon-list-item-content\">Quadro Negro<\/p><\/div>\n\n\n\n<div id=\"wp-block-themeisle-blocks-icon-list-item-c01102ab\" class=\"wp-block-themeisle-blocks-icon-list-item\"><i class=\"fas fa-check wp-block-themeisle-blocks-icon-list-item-icon\"><\/i><p class=\"wp-block-themeisle-blocks-icon-list-item-content\">Caf\u00e9 e \u00c1gua<\/p><\/div>\n<\/div>\n\n\n\n<div style=\"height:24px\" aria-hidden=\"true\" class=\"wp-block-spacer\"><\/div>\n\n\n\n<div class=\"wp-block-buttons is-vertical is-content-justification-center is-layout-flex wp-container-core-buttons-is-layout-cc3cdef1 wp-block-buttons-is-layout-flex\">\n<div class=\"wp-block-button has-custom-width wp-block-button__width-100 is-style-primary\"><a class=\"wp-block-button__link wp-element-button\" href=\"https:\/\/api.whatsapp.com\/send?phone=5511974307087&amp;text=Reuni\u00e3o 6 Pessoas, reservar agora!\">RESERVAR AGORA<\/a><\/div>\n<\/div>\n<\/div>\n\n\n\n<div id=\"wp-block-themeisle-blocks-advanced-column-991b18b5\" class=\"wp-block-themeisle-blocks-advanced-column\">\n<h3 id=\"wp-block-themeisle-blocks-advanced-heading-6b0710bb\" class=\"wp-block-themeisle-blocks-advanced-heading wp-block-themeisle-blocks-advanced-heading-6b0710bb\">Reuni\u00e3o 10-12 Pessoas<\/h3>\n\n\n\n<span id=\"wp-block-themeisle-blocks-advanced-heading-0076e239\" class=\"wp-block-themeisle-blocks-advanced-heading wp-block-themeisle-blocks-advanced-heading-0076e239\"><strong>99,90 R$<\/strong><\/span>\n\n\n\n<p id=\"wp-block-themeisle-blocks-advanced-heading-36b869e4\" class=\"wp-block-themeisle-blocks-advanced-heading wp-block-themeisle-blocks-advanced-heading-36b869e4\"><em>Sala de reuni\u00e3o para 10 pessoas comportando no m\u00e1ximo 12.<\/em><\/p>\n\n\n\n<div id=\"wp-block-themeisle-blocks-icon-list-60f487ef\" class=\"wp-block-themeisle-blocks-icon-list\">\n<div id=\"wp-block-themeisle-blocks-icon-list-item-b145a580\" class=\"wp-block-themeisle-blocks-icon-list-item\"><i class=\"fas fa-check wp-block-themeisle-blocks-icon-list-item-icon\"><\/i><p class=\"wp-block-themeisle-blocks-icon-list-item-content\">Ar Condicionado<\/p><\/div>\n\n\n\n<div id=\"wp-block-themeisle-blocks-icon-list-item-acc355d6\" class=\"wp-block-themeisle-blocks-icon-list-item\"><i class=\"fas fa-check wp-block-themeisle-blocks-icon-list-item-icon\"><\/i><p class=\"wp-block-themeisle-blocks-icon-list-item-content\">Isolamento Ac\u00fastico<\/p><\/div>\n\n\n\n<div id=\"wp-block-themeisle-blocks-icon-list-item-ba036e75\" class=\"wp-block-themeisle-blocks-icon-list-item\"><i class=\"fas fa-check wp-block-themeisle-blocks-icon-list-item-icon\"><\/i><p class=\"wp-block-themeisle-blocks-icon-list-item-content\">Smart TV<\/p><\/div>\n\n\n\n<div id=\"wp-block-themeisle-blocks-icon-list-item-d49df1a4\" class=\"wp-block-themeisle-blocks-icon-list-item\"><i class=\"fas fa-check wp-block-themeisle-blocks-icon-list-item-icon\"><\/i><p class=\"wp-block-themeisle-blocks-icon-list-item-content\">Quadro Negro<\/p><\/div>\n\n\n\n<div id=\"wp-block-themeisle-blocks-icon-list-item-573cb29d\" class=\"wp-block-themeisle-blocks-icon-list-item\"><i class=\"fas fa-check wp-block-themeisle-blocks-icon-list-item-icon\"><\/i><p class=\"wp-block-themeisle-blocks-icon-list-item-content\">Caf\u00e9 e \u00c1gua<\/p><\/div>\n<\/div>\n\n\n\n<div style=\"height:24px\" aria-hidden=\"true\" class=\"wp-block-spacer\"><\/div>\n\n\n\n<div class=\"wp-block-buttons is-vertical is-content-justification-center is-layout-flex wp-container-core-buttons-is-layout-cc3cdef1 wp-block-buttons-is-layout-flex\">\n<div class=\"wp-block-button has-custom-width wp-block-button__width-100 is-style-primary\"><a class=\"wp-block-button__link wp-element-button\" href=\"https:\/\/api.whatsapp.com\/send?phone=5511974307087&amp;text=Reuni\u00e3o 10 Pessoas, reservar agora!\">RESERVAR AGORA<\/a><\/div>\n<\/div>\n<\/div>\n\n\n\n<div id=\"wp-block-themeisle-blocks-advanced-column-09158d16\" class=\"wp-block-themeisle-blocks-advanced-column ticss-3fe6b647\">\n<h3 id=\"wp-block-themeisle-blocks-advanced-heading-b3766bd8\" class=\"wp-block-themeisle-blocks-advanced-heading wp-block-themeisle-blocks-advanced-heading-b3766bd8\">Treinamento 17 Pessoas<\/h3>\n\n\n\n<span id=\"wp-block-themeisle-blocks-advanced-heading-e601353c\" class=\"wp-block-themeisle-blocks-advanced-heading wp-block-themeisle-blocks-advanced-heading-e601353c\"><strong>170,00 R$<\/strong><\/span>\n\n\n\n<p id=\"wp-block-themeisle-blocks-advanced-heading-39d2e261\" class=\"wp-block-themeisle-blocks-advanced-heading wp-block-themeisle-blocks-advanced-heading-39d2e261\">Sala de treinamento com mesas e cadeiras comportando 17 pessoas.<\/p>\n\n\n\n<div id=\"wp-block-themeisle-blocks-icon-list-df36168d\" class=\"wp-block-themeisle-blocks-icon-list\">\n<div id=\"wp-block-themeisle-blocks-icon-list-item-bbcb8e6b\" class=\"wp-block-themeisle-blocks-icon-list-item\"><i class=\"fas fa-check wp-block-themeisle-blocks-icon-list-item-icon\"><\/i><p class=\"wp-block-themeisle-blocks-icon-list-item-content\">Ar Condicionado<\/p><\/div>\n\n\n\n<div id=\"wp-block-themeisle-blocks-icon-list-item-7b8b3690\" class=\"wp-block-themeisle-blocks-icon-list-item\"><i class=\"fas fa-check wp-block-themeisle-blocks-icon-list-item-icon\"><\/i><p class=\"wp-block-themeisle-blocks-icon-list-item-content\">Espa\u00e7o Amplo<\/p><\/div>\n\n\n\n<div id=\"wp-block-themeisle-blocks-icon-list-item-6cd5abce\" class=\"wp-block-themeisle-blocks-icon-list-item\"><i class=\"fas fa-check wp-block-themeisle-blocks-icon-list-item-icon\"><\/i><p class=\"wp-block-themeisle-blocks-icon-list-item-content\">Equipado com Mesas<\/p><\/div>\n\n\n\n<div id=\"wp-block-themeisle-blocks-icon-list-item-bf0992ca\" class=\"wp-block-themeisle-blocks-icon-list-item\"><i class=\"fas fa-check wp-block-themeisle-blocks-icon-list-item-icon\"><\/i><p class=\"wp-block-themeisle-blocks-icon-list-item-content\">Projetor<\/p><\/div>\n\n\n\n<div id=\"wp-block-themeisle-blocks-icon-list-item-a817496d\" class=\"wp-block-themeisle-blocks-icon-list-item\"><i class=\"fas fa-check wp-block-themeisle-blocks-icon-list-item-icon\"><\/i><p class=\"wp-block-themeisle-blocks-icon-list-item-content\">Caf\u00e9 e \u00c1gua<\/p><\/div>\n<\/div>\n\n\n\n<div style=\"height:24px\" aria-hidden=\"true\" class=\"wp-block-spacer\"><\/div>\n\n\n\n<div class=\"wp-block-buttons is-vertical is-content-justification-center is-layout-flex wp-container-core-buttons-is-layout-cc3cdef1 wp-block-buttons-is-layout-flex\">\n<div class=\"wp-block-button has-custom-width wp-block-button__width-100 is-style-primary\"><a class=\"wp-block-button__link wp-element-button\" href=\"https:\/\/api.whatsapp.com\/send?phone=5511974307087&amp;text=Treinamento 17 Pessoas, reservar agora!\">RESERVAR AGORA<\/a><\/div>\n<\/div>\n<\/div>\n<\/div><\/section>\n\n\n\n<p>Aqui est\u00e3o os nossos pre\u00e7os m\u00e9dios de loca\u00e7\u00e3o de espa\u00e7os privativos ou compartilhados, lembrando que \u00e9 necess\u00e1rio agendamento pr\u00e9vio para a loca\u00e7\u00e3o de qualquer um de nossos ambientes ou posi\u00e7\u00f5es de trabalho.<\/p>\n\n\n\n<figure class=\"wp-block-table is-style-stripes\"><table><thead><tr><th><br>SERVI\u00c7O \/ LOCA\u00c7\u00c3O<\/th><th class=\"has-text-align-center\" data-align=\"center\">PRE\u00c7O NORMAL<\/th><th class=\"has-text-align-center\" data-align=\"center\">PRE\u00c7O ASSOCIADO<\/th><\/tr><\/thead><tbody><tr><td>ESCRIT\u00d3RIO VIRTUAL (ENDERE\u00c7O COMERCIAL)<\/td><td class=\"has-text-align-center\" data-align=\"center\">159,90 R$ \/ M\u00eas<\/td><td class=\"has-text-align-center\" data-align=\"center\">N\/A<\/td><\/tr><tr><td>ESCRIT\u00d3RIO VIRTUAL (ENDERE\u00c7O FISCAL) <\/td><td class=\"has-text-align-center\" data-align=\"center\">179,90 R$ \/ M\u00eas<\/td><td class=\"has-text-align-center\" data-align=\"center\">N\/A<\/td><\/tr><tr><td>ESCRIT\u00d3RIO VIRTUAL (ENDERE\u00c7O FISCAL STAR)<\/td><td class=\"has-text-align-center\" data-align=\"center\">199,90 R$ \/ M\u00eas<\/td><td class=\"has-text-align-center\" data-align=\"center\">N\/A<\/td><\/tr><tr><td>TELEFONIA VOIP (PABX EM NUVEM)<\/td><td class=\"has-text-align-center\" data-align=\"center\">149,90 \/ M\u00eas<\/td><td class=\"has-text-align-center\" data-align=\"center\">N\/A<\/td><\/tr><tr><td>ESPA\u00c7O COMPARTILHADO (POSI\u00c7\u00c3O DE TRABALHO)<\/td><td class=\"has-text-align-center\" data-align=\"center\">49,90 R$ \/ Di\u00e1ria<\/td><td class=\"has-text-align-center\" data-align=\"center\">N\/A<\/td><\/tr><tr><td>ESPA\u00c7O COMPARTILHADO (POSI\u00c7\u00c3O DE TRABALHO)<\/td><td class=\"has-text-align-center\" data-align=\"center\">14,90 R$ \/ Hora<\/td><td class=\"has-text-align-center\" data-align=\"center\">N\/A<\/td><\/tr><tr><td>SALA DE REUNI\u00c3O 6-8 PESSOAS<\/td><td class=\"has-text-align-center\" data-align=\"center\">69,90 R$ \/ Hora<\/td><td class=\"has-text-align-center\" data-align=\"center\">62,90 R$ \/ Hora<\/td><\/tr><tr><td>SALA DE REUNI\u00c3O 8-12 PESSOAS<\/td><td class=\"has-text-align-center\" data-align=\"center\">99,90 R$ \/ Hora<\/td><td class=\"has-text-align-center\" data-align=\"center\">89,90 \/ Hora<\/td><\/tr><tr><td>SALA DE TREINAMENTO 17 PESSOAS<\/td><td class=\"has-text-align-center\" data-align=\"center\">170,00 R$ \/ Hora<\/td><td class=\"has-text-align-center\" data-align=\"center\">153,00 \/ Hora<\/td><\/tr><tr><td>SALA DE ATENDIMENTO (AT\u00c9 3 PESSOAS)<\/td><td class=\"has-text-align-center\" data-align=\"center\">45,00 R$ \/ Hora<\/td><td class=\"has-text-align-center\" data-align=\"center\">40,50 R$ \/ Hora<\/td><\/tr><tr><td>SALA PRIVATIVA 3-4 PESSOAS<\/td><td class=\"has-text-align-center\" data-align=\"center\">55,00 R$ \/ Hora<\/td><td class=\"has-text-align-center\" data-align=\"center\">49,50 R$ \/ Hora<\/td><\/tr><tr><td>SALA PRIVATIVA 4-5 PESSOAS<\/td><td class=\"has-text-align-center\" data-align=\"center\">65,90 R$ \/ Hora<\/td><td class=\"has-text-align-center\" data-align=\"center\">59,30 R$ \/ Hora<\/td><\/tr><\/tbody><\/table><\/figure>\n\n\n\n<p>Entre em contato para conhecer nossos valores de loca\u00e7\u00e3o de salas privativas para per\u00edodos estendidos. Oferecemos op\u00e7\u00f5es de di\u00e1ria, meia di\u00e1ria e pacotes personalizados, adaptados \u00e0s demandas do seu neg\u00f3cio.<\/p>\n\n\n\n<p>Os planos de endere\u00e7o fiscal e endere\u00e7o comercial est\u00e3o dispon\u00edveis exclusivamente para contrata\u00e7\u00e3o anual.<\/p>\n\n\n\n<p>Aos s\u00e1bados n\u00e3o realizamos agendamentos por hora. O m\u00ednimo \u00e9 de meia di\u00e1ria, podendo ter acr\u00e9scimo de at\u00e9 30% pelo atendimento fora do hor\u00e1rio comercial. <\/p>\n\n\n\n<p>N\u00e3o funcionamos aos domingos e feriados.<\/p>\n\n\n\n<p><\/p>\n","protected":false},"excerpt":{"rendered":"<p>Escolha o plano que mais se adeque \u00e0 sua necessidade. Quanto mais voc\u00ea utilizar os nossos servi\u00e7os, mais ter\u00e1 direito a descontos e vantagens, como loca\u00e7\u00f5es gr\u00e1tis e muitos outros benef\u00edcios. Aqui est\u00e3o os nossos pre\u00e7os m\u00e9dios de loca\u00e7\u00e3o de espa\u00e7os privativos ou compartilhados, lembrando que \u00e9 necess\u00e1rio agendamento pr\u00e9vio para a loca\u00e7\u00e3o de qualquer&hellip;&nbsp;<a href=\"https:\/\/staroffices.com.br\/index.php\/planos\/\" rel=\"bookmark\">Continue a ler &raquo;<span class=\"screen-reader-text\">Planos<\/span><\/a><\/p>\n","protected":false},"author":1,"featured_media":0,"parent":0,"menu_order":0,"comment_status":"closed","ping_status":"closed","template":"","meta":{"neve_meta_sidebar":"","neve_meta_container":"","neve_meta_enable_content_width":"","neve_meta_content_width":0,"neve_meta_title_alignment":"","neve_meta_author_avatar":"","neve_post_elements_order":"","neve_meta_disable_header":"","neve_meta_disable_footer":"","neve_meta_disable_title":"","_themeisle_gutenberg_block_has_review":false,"footnotes":""},"class_list":["post-292","page","type-page","status-publish","hentry"],"yoast_head":"<!-- This site is optimized with the Yoast SEO plugin v27.4 - https:\/\/yoast.com\/product\/yoast-seo-wordpress\/ -->\n<title>Planos -<\/title>\n<meta name=\"description\" content=\"Escolha o plano que mais se adequa com a sua necessidade. Quanto mais voc\u00ea utiliza os nossos servi\u00e7os, mais ter\u00e1 direito o mais descontos...\" \/>\n<meta name=\"robots\" content=\"index, follow, max-snippet:-1, max-image-preview:large, max-video-preview:-1\" \/>\n<link rel=\"canonical\" href=\"https:\/\/staroffices.com.br\/index.php\/planos\/\" \/>\n<meta property=\"og:locale\" content=\"pt_BR\" \/>\n<meta property=\"og:type\" content=\"article\" \/>\n<meta property=\"og:title\" content=\"Planos -\" \/>\n<meta property=\"og:description\" content=\"Escolha o plano que mais se adequa com a sua necessidade. Quanto mais voc\u00ea utiliza os nossos servi\u00e7os, mais ter\u00e1 direito o mais descontos...\" \/>\n<meta property=\"og:url\" content=\"https:\/\/staroffices.com.br\/index.php\/planos\/\" \/>\n<meta property=\"article:publisher\" content=\"https:\/\/www.facebook.com\/starofficescwk\/\" \/>\n<meta property=\"article:modified_time\" content=\"2025-12-11T21:57:33+00:00\" \/>\n<meta name=\"twitter:card\" content=\"summary_large_image\" \/>\n<meta name=\"twitter:label1\" content=\"Est. tempo de leitura\" \/>\n\t<meta name=\"twitter:data1\" content=\"2 minutos\" \/>\n<script type=\"application\/ld+json\" class=\"yoast-schema-graph\">{\"@context\":\"https:\\\/\\\/schema.org\",\"@graph\":[{\"@type\":\"WebPage\",\"@id\":\"https:\\\/\\\/staroffices.com.br\\\/index.php\\\/planos\\\/\",\"url\":\"https:\\\/\\\/staroffices.com.br\\\/index.php\\\/planos\\\/\",\"name\":\"Planos -\",\"isPartOf\":{\"@id\":\"https:\\\/\\\/staroffices.com.br\\\/#website\"},\"datePublished\":\"2023-01-12T15:10:50+00:00\",\"dateModified\":\"2025-12-11T21:57:33+00:00\",\"description\":\"Escolha o plano que mais se adequa com a sua necessidade. Quanto mais voc\u00ea utiliza os nossos servi\u00e7os, mais ter\u00e1 direito o mais descontos...\",\"breadcrumb\":{\"@id\":\"https:\\\/\\\/staroffices.com.br\\\/index.php\\\/planos\\\/#breadcrumb\"},\"inLanguage\":\"pt-BR\",\"potentialAction\":[{\"@type\":\"ReadAction\",\"target\":[\"https:\\\/\\\/staroffices.com.br\\\/index.php\\\/planos\\\/\"]}]},{\"@type\":\"BreadcrumbList\",\"@id\":\"https:\\\/\\\/staroffices.com.br\\\/index.php\\\/planos\\\/#breadcrumb\",\"itemListElement\":[{\"@type\":\"ListItem\",\"position\":1,\"name\":\"In\u00edcio\",\"item\":\"https:\\\/\\\/staroffices.com.br\\\/\"},{\"@type\":\"ListItem\",\"position\":2,\"name\":\"Planos\"}]},{\"@type\":\"WebSite\",\"@id\":\"https:\\\/\\\/staroffices.com.br\\\/#website\",\"url\":\"https:\\\/\\\/staroffices.com.br\\\/\",\"name\":\"Star Offices Coworking\",\"description\":\"\",\"publisher\":{\"@id\":\"https:\\\/\\\/staroffices.com.br\\\/#organization\"},\"potentialAction\":[{\"@type\":\"SearchAction\",\"target\":{\"@type\":\"EntryPoint\",\"urlTemplate\":\"https:\\\/\\\/staroffices.com.br\\\/?s={search_term_string}\"},\"query-input\":{\"@type\":\"PropertyValueSpecification\",\"valueRequired\":true,\"valueName\":\"search_term_string\"}}],\"inLanguage\":\"pt-BR\"},{\"@type\":\"Organization\",\"@id\":\"https:\\\/\\\/staroffices.com.br\\\/#organization\",\"name\":\"Star Offices Coworking\",\"url\":\"https:\\\/\\\/staroffices.com.br\\\/\",\"logo\":{\"@type\":\"ImageObject\",\"inLanguage\":\"pt-BR\",\"@id\":\"https:\\\/\\\/staroffices.com.br\\\/#\\\/schema\\\/logo\\\/image\\\/\",\"url\":\"https:\\\/\\\/staroffices.com.br\\\/wp-content\\\/uploads\\\/2022\\\/06\\\/star-office-finalizado-fundo-transparente.png\",\"contentUrl\":\"https:\\\/\\\/staroffices.com.br\\\/wp-content\\\/uploads\\\/2022\\\/06\\\/star-office-finalizado-fundo-transparente.png\",\"width\":2160,\"height\":2160,\"caption\":\"Star Offices Coworking\"},\"image\":{\"@id\":\"https:\\\/\\\/staroffices.com.br\\\/#\\\/schema\\\/logo\\\/image\\\/\"},\"sameAs\":[\"https:\\\/\\\/www.facebook.com\\\/starofficescwk\\\/\"]}]}<\/script>\n<!-- \/ Yoast SEO plugin. -->","yoast_head_json":{"title":"Planos -","description":"Escolha o plano que mais se adequa com a sua necessidade. Quanto mais voc\u00ea utiliza os nossos servi\u00e7os, mais ter\u00e1 direito o mais descontos...","robots":{"index":"index","follow":"follow","max-snippet":"max-snippet:-1","max-image-preview":"max-image-preview:large","max-video-preview":"max-video-preview:-1"},"canonical":"https:\/\/staroffices.com.br\/index.php\/planos\/","og_locale":"pt_BR","og_type":"article","og_title":"Planos -","og_description":"Escolha o plano que mais se adequa com a sua necessidade. Quanto mais voc\u00ea utiliza os nossos servi\u00e7os, mais ter\u00e1 direito o mais descontos...","og_url":"https:\/\/staroffices.com.br\/index.php\/planos\/","article_publisher":"https:\/\/www.facebook.com\/starofficescwk\/","article_modified_time":"2025-12-11T21:57:33+00:00","twitter_card":"summary_large_image","twitter_misc":{"Est. tempo de leitura":"2 minutos"},"schema":{"@context":"https:\/\/schema.org","@graph":[{"@type":"WebPage","@id":"https:\/\/staroffices.com.br\/index.php\/planos\/","url":"https:\/\/staroffices.com.br\/index.php\/planos\/","name":"Planos -","isPartOf":{"@id":"https:\/\/staroffices.com.br\/#website"},"datePublished":"2023-01-12T15:10:50+00:00","dateModified":"2025-12-11T21:57:33+00:00","description":"Escolha o plano que mais se adequa com a sua necessidade. Quanto mais voc\u00ea utiliza os nossos servi\u00e7os, mais ter\u00e1 direito o mais descontos...","breadcrumb":{"@id":"https:\/\/staroffices.com.br\/index.php\/planos\/#breadcrumb"},"inLanguage":"pt-BR","potentialAction":[{"@type":"ReadAction","target":["https:\/\/staroffices.com.br\/index.php\/planos\/"]}]},{"@type":"BreadcrumbList","@id":"https:\/\/staroffices.com.br\/index.php\/planos\/#breadcrumb","itemListElement":[{"@type":"ListItem","position":1,"name":"In\u00edcio","item":"https:\/\/staroffices.com.br\/"},{"@type":"ListItem","position":2,"name":"Planos"}]},{"@type":"WebSite","@id":"https:\/\/staroffices.com.br\/#website","url":"https:\/\/staroffices.com.br\/","name":"Star Offices Coworking","description":"","publisher":{"@id":"https:\/\/staroffices.com.br\/#organization"},"potentialAction":[{"@type":"SearchAction","target":{"@type":"EntryPoint","urlTemplate":"https:\/\/staroffices.com.br\/?s={search_term_string}"},"query-input":{"@type":"PropertyValueSpecification","valueRequired":true,"valueName":"search_term_string"}}],"inLanguage":"pt-BR"},{"@type":"Organization","@id":"https:\/\/staroffices.com.br\/#organization","name":"Star Offices Coworking","url":"https:\/\/staroffices.com.br\/","logo":{"@type":"ImageObject","inLanguage":"pt-BR","@id":"https:\/\/staroffices.com.br\/#\/schema\/logo\/image\/","url":"https:\/\/staroffices.com.br\/wp-content\/uploads\/2022\/06\/star-office-finalizado-fundo-transparente.png","contentUrl":"https:\/\/staroffices.com.br\/wp-content\/uploads\/2022\/06\/star-office-finalizado-fundo-transparente.png","width":2160,"height":2160,"caption":"Star Offices Coworking"},"image":{"@id":"https:\/\/staroffices.com.br\/#\/schema\/logo\/image\/"},"sameAs":["https:\/\/www.facebook.com\/starofficescwk\/"]}]}},"_links":{"self":[{"href":"https:\/\/staroffices.com.br\/index.php\/wp-json\/wp\/v2\/pages\/292","targetHints":{"allow":["GET"]}}],"collection":[{"href":"https:\/\/staroffices.com.br\/index.php\/wp-json\/wp\/v2\/pages"}],"about":[{"href":"https:\/\/staroffices.com.br\/index.php\/wp-json\/wp\/v2\/types\/page"}],"author":[{"embeddable":true,"href":"https:\/\/staroffices.com.br\/index.php\/wp-json\/wp\/v2\/users\/1"}],"replies":[{"embeddable":true,"href":"https:\/\/staroffices.com.br\/index.php\/wp-json\/wp\/v2\/comments?post=292"}],"version-history":[{"count":30,"href":"https:\/\/staroffices.com.br\/index.php\/wp-json\/wp\/v2\/pages\/292\/revisions"}],"predecessor-version":[{"id":742,"href":"https:\/\/staroffices.com.br\/index.php\/wp-json\/wp\/v2\/pages\/292\/revisions\/742"}],"wp:attachment":[{"href":"https:\/\/staroffices.com.br\/index.php\/wp-json\/wp\/v2\/media?parent=292"}],"curies":[{"name":"wp","href":"https:\/\/api.w.org\/{rel}","templated":true}]}}