{"id":161,"date":"2020-02-26T09:07:17","date_gmt":"2020-02-26T12:07:17","guid":{"rendered":"https:\/\/demosites.io\/lawyers-gb\/?page_id=161"},"modified":"2024-06-03T18:11:35","modified_gmt":"2024-06-03T21:11:35","slug":"quem-somos","status":"publish","type":"page","link":"https:\/\/staroffices.com.br\/index.php\/quem-somos\/","title":{"rendered":"Quem Somos"},"content":{"rendered":"\n<div id=\"wp-block-themeisle-blocks-advanced-columns-1d44478c\" class=\"wp-block-themeisle-blocks-advanced-columns alignfull has-1-columns has-desktop-equal-layout has-tablet-equal-layout has-mobile-equal-layout has-vertical-unset\"><div class=\"wp-block-themeisle-blocks-advanced-columns-overlay\"><\/div><div class=\"innerblocks-wrap\">\n<div id=\"wp-block-themeisle-blocks-advanced-column-24b42ae0\" class=\"wp-block-themeisle-blocks-advanced-column has-dark-bg\">\n<p id=\"wp-block-themeisle-blocks-advanced-heading-1aca3177\" class=\"wp-block-themeisle-blocks-advanced-heading wp-block-themeisle-blocks-advanced-heading-1aca3177\"> QUEM SOMOS<\/p>\n\n\n\n<h1 class=\"wp-block-heading has-text-align-center has-nv-text-dark-bg-color has-text-color\">Star Offices <\/h1>\n<\/div>\n<\/div><\/div>\n\n\n\n<div id=\"wp-block-themeisle-blocks-advanced-columns-4799159d\" class=\"wp-block-themeisle-blocks-advanced-columns alignfull has-2-columns has-desktop-equal-layout has-tablet-equal-layout has-mobile-collapsedRows-layout has-vertical-unset\"><div class=\"wp-block-themeisle-blocks-advanced-columns-overlay\"><\/div><div class=\"innerblocks-wrap\">\n<div id=\"wp-block-themeisle-blocks-advanced-column-d281c4c3\" class=\"wp-block-themeisle-blocks-advanced-column\">\n<figure class=\"wp-block-image size-full\"><img loading=\"lazy\" decoding=\"async\" width=\"600\" height=\"600\" src=\"https:\/\/staroffices.com.br\/wp-content\/uploads\/2023\/01\/que-smos-2.png\" alt=\"\" class=\"wp-image-423\" srcset=\"https:\/\/staroffices.com.br\/wp-content\/uploads\/2023\/01\/que-smos-2.png 600w, https:\/\/staroffices.com.br\/wp-content\/uploads\/2023\/01\/que-smos-2-300x300.png 300w, https:\/\/staroffices.com.br\/wp-content\/uploads\/2023\/01\/que-smos-2-150x150.png 150w\" sizes=\"auto, (max-width: 600px) 100vw, 600px\" \/><\/figure>\n<\/div>\n\n\n\n<div id=\"wp-block-themeisle-blocks-advanced-column-bb3c1936\" class=\"wp-block-themeisle-blocks-advanced-column\">\n<h2 class=\"wp-block-heading\">Quem Somos<\/h2>\n\n\n\n<p>Somos uma empresa de hospitalidade corporativa dedicada a proporcionar conveni\u00eancia, economia e praticidade ao seu dia a dia. A miss\u00e3o da <strong>STAR OFFICES<\/strong> \u00e9 atender \u00e0s necessidades de nossos clientes, oferecendo instala\u00e7\u00f5es completas e equipadas para o desenvolvimento de neg\u00f3cios, atendendo empresas e profissionais liberais de diversos segmentos do mercado.<\/p>\n\n\n\n<p>Oferecemos uma variedade de servi\u00e7os, incluindo a loca\u00e7\u00e3o de espa\u00e7os privativos ou compartilhados, escrit\u00f3rio virtual com endere\u00e7o fiscal e comercial, e sistema de telefonia personalizada, como o PABX em nuvem. Nossos ambientes s\u00e3o neutros, sem logomarcas vis\u00edveis e com uma fachada discreta, para que voc\u00ea se sinta em seu pr\u00f3prio escrit\u00f3rio, desfrutando de toda a conveni\u00eancia e infraestrutura que precisa.<\/p>\n\n\n\n<p>Al\u00e9m disso, fazemos parte do grupo <strong><a href=\"https:\/\/osait.com.br\">OSA IT Solutions<\/a><\/strong>, uma empresa especializada em consultoria e suporte de TI. Desde 1998, a OSA IT Solutions atende clientes de diversos segmentos do mercado, com atua\u00e7\u00e3o em n\u00edvel global.<\/p>\n\n\n\n<div id=\"wp-block-themeisle-blocks-button-group-8fd43d2a\" class=\"wp-block-themeisle-blocks-button-group wp-block-buttons align-center-desktop\">\n<div id=\"wp-block-themeisle-blocks-button-dbb09ed6\" class=\"wp-block-themeisle-blocks-button wp-block-button\"><a href=\"https:\/\/staroffices.com.br\/index.php\/contato\/\" target=\"_self\" rel=\"noopener noreferrer\" class=\"wp-block-button__link\"><span>ENTRE EM CONTATO<\/span><\/a><\/div>\n<\/div>\n<\/div>\n<\/div><\/div>\n\n\n\n<div id=\"wp-block-themeisle-blocks-advanced-columns-f3755e13\" class=\"wp-block-themeisle-blocks-advanced-columns alignfull has-1-columns has-desktop-equal-layout has-tablet-equal-layout has-mobile-equal-layout has-vertical-unset has-light-bg\"><div class=\"wp-block-themeisle-blocks-advanced-columns-overlay\"><\/div><div class=\"innerblocks-wrap\">\n<div id=\"wp-block-themeisle-blocks-advanced-column-7fd45669\" class=\"wp-block-themeisle-blocks-advanced-column\">\n<h2 class=\"wp-block-heading has-text-align-center\">Nossos Diferenciais<\/h2>\n<\/div>\n<\/div><\/div>\n\n\n\n<div id=\"wp-block-themeisle-blocks-advanced-columns-fceb3949\" class=\"wp-block-themeisle-blocks-advanced-columns alignfull has-3-columns has-desktop-equal-layout has-tablet-equal-layout has-mobile-collapsedRows-layout has-vertical-unset has-light-bg\"><div class=\"wp-block-themeisle-blocks-advanced-columns-overlay\"><\/div><div class=\"innerblocks-wrap\">\n<div id=\"wp-block-themeisle-blocks-advanced-column-8e16a918\" class=\"wp-block-themeisle-blocks-advanced-column has-light-bg\">\n<div class=\"wp-block-themeisle-blocks-service\">\n<div id=\"wp-block-themeisle-blocks-font-awesome-icons-319efbcd\" class=\"wp-block-themeisle-blocks-font-awesome-icons\"><span class=\"wp-block-themeisle-blocks-font-awesome-icons-container\"><i class=\"fas fa-map-marker-alt\"><\/i><\/span><\/div>\n\n\n\n<h3 id=\"wp-block-themeisle-blocks-advanced-heading-ce597b76\" class=\"wp-block-themeisle-blocks-advanced-heading wp-block-themeisle-blocks-advanced-heading-ce597b76\"> Localiza\u00e7\u00e3o<\/h3>\n\n\n\n<p id=\"wp-block-themeisle-blocks-advanced-heading-033756e7\" class=\"wp-block-themeisle-blocks-advanced-heading wp-block-themeisle-blocks-advanced-heading-033756e7\">Estamos localizados no centro de Suzano, na principal avenida da cidade, pr\u00f3ximo \u00e0 com\u00e9rcios, restaurantes, shopping centers, entre outros pontos famosos da cidade. <\/p>\n<\/div>\n<\/div>\n\n\n\n<div id=\"wp-block-themeisle-blocks-advanced-column-277dec7b\" class=\"wp-block-themeisle-blocks-advanced-column has-light-bg\">\n<div class=\"wp-block-themeisle-blocks-service\">\n<div id=\"wp-block-themeisle-blocks-font-awesome-icons-7c256c97\" class=\"wp-block-themeisle-blocks-font-awesome-icons\"><span class=\"wp-block-themeisle-blocks-font-awesome-icons-container\"><i class=\"fas fa-dollar-sign\"><\/i><\/span><\/div>\n\n\n\n<h3 id=\"wp-block-themeisle-blocks-advanced-heading-921812a3\" class=\"wp-block-themeisle-blocks-advanced-heading wp-block-themeisle-blocks-advanced-heading-921812a3\"> Baixo Custo <\/h3>\n\n\n\n<p id=\"wp-block-themeisle-blocks-advanced-heading-9e3602b0\" class=\"wp-block-themeisle-blocks-advanced-heading wp-block-themeisle-blocks-advanced-heading-9e3602b0\"> Conte com a conveni\u00eancia de ter um escrit\u00f3rio completo com toda a infraestrutura que voc\u00ea precisa, sem ter que arcar com os custos de um escrit\u00f3rio convencional. <\/p>\n<\/div>\n<\/div>\n\n\n\n<div id=\"wp-block-themeisle-blocks-advanced-column-44cce08d\" class=\"wp-block-themeisle-blocks-advanced-column has-light-bg\">\n<div class=\"wp-block-themeisle-blocks-service\">\n<div id=\"wp-block-themeisle-blocks-font-awesome-icons-0bec0189\" class=\"wp-block-themeisle-blocks-font-awesome-icons\"><span class=\"wp-block-themeisle-blocks-font-awesome-icons-container\"><i class=\"fas fa-headset\"><\/i><\/span><\/div>\n\n\n\n<h3 id=\"wp-block-themeisle-blocks-advanced-heading-d853a05e\" class=\"wp-block-themeisle-blocks-advanced-heading wp-block-themeisle-blocks-advanced-heading-d853a05e\"> Atendimento <\/h3>\n\n\n\n<p id=\"wp-block-themeisle-blocks-advanced-heading-b8d56d2b\" class=\"wp-block-themeisle-blocks-advanced-heading wp-block-themeisle-blocks-advanced-heading-b8d56d2b\">Conte com um atendimento de excel\u00eancia, humanizado e personalizado para melhor atender as suas necessidades. Atender bem os nossos clientes \u00e9 nossa prioridade. <\/p>\n<\/div>\n<\/div>\n<\/div><\/div>\n\n\n\n<div id=\"wp-block-themeisle-blocks-advanced-columns-603878b8\" class=\"wp-block-themeisle-blocks-advanced-columns alignfull has-1-columns has-desktop-equal-layout has-tablet-equal-layout has-mobile-equal-layout has-vertical-unset\"><div class=\"wp-block-themeisle-blocks-advanced-columns-overlay\"><\/div><div class=\"innerblocks-wrap\">\n<div id=\"wp-block-themeisle-blocks-advanced-column-ee744101\" class=\"wp-block-themeisle-blocks-advanced-column has-light-bg\">\n<p id=\"wp-block-themeisle-blocks-advanced-heading-c64d7dae\" class=\"wp-block-themeisle-blocks-advanced-heading wp-block-themeisle-blocks-advanced-heading-c64d7dae\"> <strong>VISITE-NOS!<\/strong><\/p>\n\n\n\n<h2 class=\"wp-block-heading has-text-align-center\">Quer conhecer a Star Offices? Agende a sua visita clicando no bot\u00e3o abaixo<\/h2>\n\n\n\n<div style=\"height:20px\" aria-hidden=\"true\" class=\"wp-block-spacer\"><\/div>\n\n\n\n<div id=\"wp-block-themeisle-blocks-button-group-21c32419\" class=\"wp-block-themeisle-blocks-button-group wp-block-buttons align-center\">\n<div id=\"wp-block-themeisle-blocks-button-6c433851\" class=\"wp-block-themeisle-blocks-button wp-block-button\"><a href=\"https:\/\/api.whatsapp.com\/send?phone=5511974307087&amp;text=Gostaria de agendar uma visita para conhecer a Star Offices\" target=\"_self\" rel=\"noopener noreferrer\" class=\"wp-block-button__link\"><span>AGENDE A SUA VISITA<\/span><\/a><\/div>\n<\/div>\n<\/div>\n<\/div><\/div>\n","protected":false},"excerpt":{"rendered":"","protected":false},"author":1,"featured_media":0,"parent":0,"menu_order":0,"comment_status":"closed","ping_status":"closed","template":"page-templates\/template-pagebuilder-full-width.php","meta":{"neve_meta_sidebar":"full-width","neve_meta_container":"","neve_meta_enable_content_width":"on","neve_meta_content_width":100,"neve_meta_title_alignment":"","neve_meta_author_avatar":"","neve_post_elements_order":"","neve_meta_disable_header":"","neve_meta_disable_footer":"","neve_meta_disable_title":"","_themeisle_gutenberg_block_has_review":false,"footnotes":""},"class_list":["post-161","page","type-page","status-publish","hentry"],"yoast_head":"<!-- This site is optimized with the Yoast SEO plugin v27.4 - https:\/\/yoast.com\/product\/yoast-seo-wordpress\/ -->\n<title>Quem Somos -<\/title>\n<meta name=\"description\" content=\"Somos uma empresa de hospitalidade corporativa. A miss\u00e3o da Star Offices \u00e9 trazer conveni\u00eancia, economia e praticidade ao seu dia a dia\" \/>\n<meta name=\"robots\" content=\"index, follow, max-snippet:-1, max-image-preview:large, max-video-preview:-1\" \/>\n<link rel=\"canonical\" href=\"https:\/\/staroffices.com.br\/index.php\/quem-somos\/\" \/>\n<meta property=\"og:locale\" content=\"pt_BR\" \/>\n<meta property=\"og:type\" content=\"article\" \/>\n<meta property=\"og:title\" content=\"Quem Somos -\" \/>\n<meta property=\"og:description\" content=\"Somos uma empresa de hospitalidade corporativa. A miss\u00e3o da Star Offices \u00e9 trazer conveni\u00eancia, economia e praticidade ao seu dia a dia\" \/>\n<meta property=\"og:url\" content=\"https:\/\/staroffices.com.br\/index.php\/quem-somos\/\" \/>\n<meta property=\"article:publisher\" content=\"https:\/\/www.facebook.com\/starofficescwk\/\" \/>\n<meta property=\"article:modified_time\" content=\"2024-06-03T21:11:35+00:00\" \/>\n<meta property=\"og:image\" content=\"https:\/\/staroffices.com.br\/wp-content\/uploads\/2023\/01\/que-smos-2.png\" \/>\n<meta name=\"twitter:card\" content=\"summary_large_image\" \/>\n<meta name=\"twitter:label1\" content=\"Est. tempo de leitura\" \/>\n\t<meta name=\"twitter:data1\" content=\"2 minutos\" \/>\n<script type=\"application\/ld+json\" class=\"yoast-schema-graph\">{\"@context\":\"https:\\\/\\\/schema.org\",\"@graph\":[{\"@type\":\"WebPage\",\"@id\":\"https:\\\/\\\/staroffices.com.br\\\/index.php\\\/quem-somos\\\/\",\"url\":\"https:\\\/\\\/staroffices.com.br\\\/index.php\\\/quem-somos\\\/\",\"name\":\"Quem Somos -\",\"isPartOf\":{\"@id\":\"https:\\\/\\\/staroffices.com.br\\\/#website\"},\"primaryImageOfPage\":{\"@id\":\"https:\\\/\\\/staroffices.com.br\\\/index.php\\\/quem-somos\\\/#primaryimage\"},\"image\":{\"@id\":\"https:\\\/\\\/staroffices.com.br\\\/index.php\\\/quem-somos\\\/#primaryimage\"},\"thumbnailUrl\":\"https:\\\/\\\/staroffices.com.br\\\/wp-content\\\/uploads\\\/2023\\\/01\\\/que-smos-2.png\",\"datePublished\":\"2020-02-26T12:07:17+00:00\",\"dateModified\":\"2024-06-03T21:11:35+00:00\",\"description\":\"Somos uma empresa de hospitalidade corporativa. A miss\u00e3o da Star Offices \u00e9 trazer conveni\u00eancia, economia e praticidade ao seu dia a dia\",\"breadcrumb\":{\"@id\":\"https:\\\/\\\/staroffices.com.br\\\/index.php\\\/quem-somos\\\/#breadcrumb\"},\"inLanguage\":\"pt-BR\",\"potentialAction\":[{\"@type\":\"ReadAction\",\"target\":[\"https:\\\/\\\/staroffices.com.br\\\/index.php\\\/quem-somos\\\/\"]}]},{\"@type\":\"ImageObject\",\"inLanguage\":\"pt-BR\",\"@id\":\"https:\\\/\\\/staroffices.com.br\\\/index.php\\\/quem-somos\\\/#primaryimage\",\"url\":\"https:\\\/\\\/staroffices.com.br\\\/wp-content\\\/uploads\\\/2023\\\/01\\\/que-smos-2.png\",\"contentUrl\":\"https:\\\/\\\/staroffices.com.br\\\/wp-content\\\/uploads\\\/2023\\\/01\\\/que-smos-2.png\",\"width\":600,\"height\":600},{\"@type\":\"BreadcrumbList\",\"@id\":\"https:\\\/\\\/staroffices.com.br\\\/index.php\\\/quem-somos\\\/#breadcrumb\",\"itemListElement\":[{\"@type\":\"ListItem\",\"position\":1,\"name\":\"In\u00edcio\",\"item\":\"https:\\\/\\\/staroffices.com.br\\\/\"},{\"@type\":\"ListItem\",\"position\":2,\"name\":\"Quem Somos\"}]},{\"@type\":\"WebSite\",\"@id\":\"https:\\\/\\\/staroffices.com.br\\\/#website\",\"url\":\"https:\\\/\\\/staroffices.com.br\\\/\",\"name\":\"Star Offices Coworking\",\"description\":\"\",\"publisher\":{\"@id\":\"https:\\\/\\\/staroffices.com.br\\\/#organization\"},\"potentialAction\":[{\"@type\":\"SearchAction\",\"target\":{\"@type\":\"EntryPoint\",\"urlTemplate\":\"https:\\\/\\\/staroffices.com.br\\\/?s={search_term_string}\"},\"query-input\":{\"@type\":\"PropertyValueSpecification\",\"valueRequired\":true,\"valueName\":\"search_term_string\"}}],\"inLanguage\":\"pt-BR\"},{\"@type\":\"Organization\",\"@id\":\"https:\\\/\\\/staroffices.com.br\\\/#organization\",\"name\":\"Star Offices Coworking\",\"url\":\"https:\\\/\\\/staroffices.com.br\\\/\",\"logo\":{\"@type\":\"ImageObject\",\"inLanguage\":\"pt-BR\",\"@id\":\"https:\\\/\\\/staroffices.com.br\\\/#\\\/schema\\\/logo\\\/image\\\/\",\"url\":\"https:\\\/\\\/staroffices.com.br\\\/wp-content\\\/uploads\\\/2022\\\/06\\\/star-office-finalizado-fundo-transparente.png\",\"contentUrl\":\"https:\\\/\\\/staroffices.com.br\\\/wp-content\\\/uploads\\\/2022\\\/06\\\/star-office-finalizado-fundo-transparente.png\",\"width\":2160,\"height\":2160,\"caption\":\"Star Offices Coworking\"},\"image\":{\"@id\":\"https:\\\/\\\/staroffices.com.br\\\/#\\\/schema\\\/logo\\\/image\\\/\"},\"sameAs\":[\"https:\\\/\\\/www.facebook.com\\\/starofficescwk\\\/\"]}]}<\/script>\n<!-- \/ Yoast SEO plugin. -->","yoast_head_json":{"title":"Quem Somos -","description":"Somos uma empresa de hospitalidade corporativa. A miss\u00e3o da Star Offices \u00e9 trazer conveni\u00eancia, economia e praticidade ao seu dia a dia","robots":{"index":"index","follow":"follow","max-snippet":"max-snippet:-1","max-image-preview":"max-image-preview:large","max-video-preview":"max-video-preview:-1"},"canonical":"https:\/\/staroffices.com.br\/index.php\/quem-somos\/","og_locale":"pt_BR","og_type":"article","og_title":"Quem Somos -","og_description":"Somos uma empresa de hospitalidade corporativa. A miss\u00e3o da Star Offices \u00e9 trazer conveni\u00eancia, economia e praticidade ao seu dia a dia","og_url":"https:\/\/staroffices.com.br\/index.php\/quem-somos\/","article_publisher":"https:\/\/www.facebook.com\/starofficescwk\/","article_modified_time":"2024-06-03T21:11:35+00:00","og_image":[{"url":"https:\/\/staroffices.com.br\/wp-content\/uploads\/2023\/01\/que-smos-2.png","type":"","width":"","height":""}],"twitter_card":"summary_large_image","twitter_misc":{"Est. tempo de leitura":"2 minutos"},"schema":{"@context":"https:\/\/schema.org","@graph":[{"@type":"WebPage","@id":"https:\/\/staroffices.com.br\/index.php\/quem-somos\/","url":"https:\/\/staroffices.com.br\/index.php\/quem-somos\/","name":"Quem Somos -","isPartOf":{"@id":"https:\/\/staroffices.com.br\/#website"},"primaryImageOfPage":{"@id":"https:\/\/staroffices.com.br\/index.php\/quem-somos\/#primaryimage"},"image":{"@id":"https:\/\/staroffices.com.br\/index.php\/quem-somos\/#primaryimage"},"thumbnailUrl":"https:\/\/staroffices.com.br\/wp-content\/uploads\/2023\/01\/que-smos-2.png","datePublished":"2020-02-26T12:07:17+00:00","dateModified":"2024-06-03T21:11:35+00:00","description":"Somos uma empresa de hospitalidade corporativa. A miss\u00e3o da Star Offices \u00e9 trazer conveni\u00eancia, economia e praticidade ao seu dia a dia","breadcrumb":{"@id":"https:\/\/staroffices.com.br\/index.php\/quem-somos\/#breadcrumb"},"inLanguage":"pt-BR","potentialAction":[{"@type":"ReadAction","target":["https:\/\/staroffices.com.br\/index.php\/quem-somos\/"]}]},{"@type":"ImageObject","inLanguage":"pt-BR","@id":"https:\/\/staroffices.com.br\/index.php\/quem-somos\/#primaryimage","url":"https:\/\/staroffices.com.br\/wp-content\/uploads\/2023\/01\/que-smos-2.png","contentUrl":"https:\/\/staroffices.com.br\/wp-content\/uploads\/2023\/01\/que-smos-2.png","width":600,"height":600},{"@type":"BreadcrumbList","@id":"https:\/\/staroffices.com.br\/index.php\/quem-somos\/#breadcrumb","itemListElement":[{"@type":"ListItem","position":1,"name":"In\u00edcio","item":"https:\/\/staroffices.com.br\/"},{"@type":"ListItem","position":2,"name":"Quem Somos"}]},{"@type":"WebSite","@id":"https:\/\/staroffices.com.br\/#website","url":"https:\/\/staroffices.com.br\/","name":"Star Offices Coworking","description":"","publisher":{"@id":"https:\/\/staroffices.com.br\/#organization"},"potentialAction":[{"@type":"SearchAction","target":{"@type":"EntryPoint","urlTemplate":"https:\/\/staroffices.com.br\/?s={search_term_string}"},"query-input":{"@type":"PropertyValueSpecification","valueRequired":true,"valueName":"search_term_string"}}],"inLanguage":"pt-BR"},{"@type":"Organization","@id":"https:\/\/staroffices.com.br\/#organization","name":"Star Offices Coworking","url":"https:\/\/staroffices.com.br\/","logo":{"@type":"ImageObject","inLanguage":"pt-BR","@id":"https:\/\/staroffices.com.br\/#\/schema\/logo\/image\/","url":"https:\/\/staroffices.com.br\/wp-content\/uploads\/2022\/06\/star-office-finalizado-fundo-transparente.png","contentUrl":"https:\/\/staroffices.com.br\/wp-content\/uploads\/2022\/06\/star-office-finalizado-fundo-transparente.png","width":2160,"height":2160,"caption":"Star Offices Coworking"},"image":{"@id":"https:\/\/staroffices.com.br\/#\/schema\/logo\/image\/"},"sameAs":["https:\/\/www.facebook.com\/starofficescwk\/"]}]}},"_links":{"self":[{"href":"https:\/\/staroffices.com.br\/index.php\/wp-json\/wp\/v2\/pages\/161","targetHints":{"allow":["GET"]}}],"collection":[{"href":"https:\/\/staroffices.com.br\/index.php\/wp-json\/wp\/v2\/pages"}],"about":[{"href":"https:\/\/staroffices.com.br\/index.php\/wp-json\/wp\/v2\/types\/page"}],"author":[{"embeddable":true,"href":"https:\/\/staroffices.com.br\/index.php\/wp-json\/wp\/v2\/users\/1"}],"replies":[{"embeddable":true,"href":"https:\/\/staroffices.com.br\/index.php\/wp-json\/wp\/v2\/comments?post=161"}],"version-history":[{"count":16,"href":"https:\/\/staroffices.com.br\/index.php\/wp-json\/wp\/v2\/pages\/161\/revisions"}],"predecessor-version":[{"id":667,"href":"https:\/\/staroffices.com.br\/index.php\/wp-json\/wp\/v2\/pages\/161\/revisions\/667"}],"wp:attachment":[{"href":"https:\/\/staroffices.com.br\/index.php\/wp-json\/wp\/v2\/media?parent=161"}],"curies":[{"name":"wp","href":"https:\/\/api.w.org\/{rel}","templated":true}]}}